{"id":517,"date":"2023-04-24T08:15:21","date_gmt":"2023-04-24T08:15:21","guid":{"rendered":"https:\/\/www.salaplast.hu\/?page_id=517"},"modified":"2023-04-26T09:36:26","modified_gmt":"2023-04-26T09:36:26","slug":"sajat-termekek","status":"publish","type":"page","link":"https:\/\/www.salaplast.hu\/en\/sajat-termekek\/","title":{"rendered":"Own Products"},"content":{"rendered":"<p>[et_pb_section fb_built=&#8221;1&#8243; _builder_version=&#8221;4.20.4&#8243; _module_preset=&#8221;default&#8221; global_colors_info=&#8221;{}&#8221;][et_pb_row _builder_version=&#8221;4.20.4&#8243; _module_preset=&#8221;default&#8221; locked=&#8221;off&#8221; global_colors_info=&#8221;{}&#8221;][et_pb_column type=&#8221;4_4&#8243; _builder_version=&#8221;4.20.4&#8243; _module_preset=&#8221;default&#8221; global_colors_info=&#8221;{}&#8221;][et_pb_text admin_label=&#8221;1&#8243; _builder_version=&#8221;4.20.4&#8243; header_2_font=&#8221;Poppins|700||on|||||&#8221; header_2_text_align=&#8221;center&#8221; header_2_text_color=&#8221;#f7b163&#8243; header_2_font_size=&#8221;40px&#8221; max_width=&#8221;550px&#8221; module_alignment=&#8221;center&#8221; custom_margin=&#8221;||0px|&#8221; custom_padding=&#8221;1px|||||&#8221; locked=&#8221;off&#8221; global_colors_info=&#8221;{}&#8221;]<\/p>\n<h2>Saj\u00e1t term\u00e9kek<\/h2>\n<p>[\/et_pb_text][et_pb_divider color=&#8221;#f7b163&#8243; divider_position=&#8221;center&#8221; divider_weight=&#8221;3px&#8221; _builder_version=&#8221;4.20.4&#8243; max_width=&#8221;50px&#8221; module_alignment=&#8221;center&#8221; custom_margin=&#8221;||20px|&#8221; animation_direction=&#8221;top&#8221; locked=&#8221;off&#8221; global_colors_info=&#8221;{}&#8221;][\/et_pb_divider][\/et_pb_column][\/et_pb_row][et_pb_row _builder_version=&#8221;4.20.4&#8243; _module_preset=&#8221;default&#8221; global_colors_info=&#8221;{}&#8221;][et_pb_column type=&#8221;4_4&#8243; _builder_version=&#8221;4.20.4&#8243; _module_preset=&#8221;default&#8221; global_colors_info=&#8221;{}&#8221;][et_pb_text _builder_version=&#8221;4.20.4&#8243; _module_preset=&#8221;default&#8221; global_colors_info=&#8221;{}&#8221;]<\/p>\n<h2 style=\"text-align: center;\"><strong>Szabadalmaztatott t\u00f6bbsz\u00f6rhaszn\u00e1latos \u00e9telt\u00e1rol\u00f3 rendszer nagy\u00fczemi haszn\u00e1latra<\/strong><\/h2>\n<p>[\/et_pb_text][\/et_pb_column][\/et_pb_row][et_pb_row column_structure=&#8221;1_3,1_3,1_3&#8243; _builder_version=&#8221;4.20.4&#8243; _module_preset=&#8221;default&#8221; global_colors_info=&#8221;{}&#8221;][et_pb_column type=&#8221;1_3&#8243; _builder_version=&#8221;4.20.4&#8243; _module_preset=&#8221;default&#8221; global_colors_info=&#8221;{}&#8221;][et_pb_image src=&#8221;https:\/\/www.salaplast.hu\/wp-content\/uploads\/2023\/04\/salaplast_7-scaled.jpg&#8221; alt=&#8221;Szabadalmaztatott t\u00f6bbsz\u00f6rhaszn\u00e1latos \u00e9telt\u00e1rol\u00f3 rendszer nagy\u00fczemi haszn\u00e1latra_salaplast&#8221; title_text=&#8221;Szabadalmaztatott t\u00f6bbsz\u00f6rhaszn\u00e1latos \u00e9telt\u00e1rol\u00f3 rendszer nagy\u00fczemi haszn\u00e1latra_salaplast&#8221; show_in_lightbox=&#8221;on&#8221; _builder_version=&#8221;4.20.4&#8243; _module_preset=&#8221;default&#8221; box_shadow_style=&#8221;preset1&#8243; global_colors_info=&#8221;{}&#8221;][\/et_pb_image][\/et_pb_column][et_pb_column type=&#8221;1_3&#8243; _builder_version=&#8221;4.20.4&#8243; _module_preset=&#8221;default&#8221; global_colors_info=&#8221;{}&#8221;][et_pb_image src=&#8221;https:\/\/www.salaplast.hu\/wp-content\/uploads\/2023\/04\/salaplast_8-scaled.jpg&#8221; alt=&#8221;Szabadalmaztatott t\u00f6bbsz\u00f6rhaszn\u00e1latos \u00e9telt\u00e1rol\u00f3 rendszer nagy\u00fczemi haszn\u00e1latra_salaplast&#8221; title_text=&#8221;Szabadalmaztatott t\u00f6bbsz\u00f6rhaszn\u00e1latos \u00e9telt\u00e1rol\u00f3 rendszer nagy\u00fczemi haszn\u00e1latra_salaplast&#8221; _builder_version=&#8221;4.20.4&#8243; _module_preset=&#8221;default&#8221; hover_enabled=&#8221;0&#8243; box_shadow_style=&#8221;preset1&#8243; global_colors_info=&#8221;{}&#8221; show_in_lightbox=&#8221;on&#8221; sticky_enabled=&#8221;0&#8243;][\/et_pb_image][\/et_pb_column][et_pb_column type=&#8221;1_3&#8243; _builder_version=&#8221;4.20.4&#8243; _module_preset=&#8221;default&#8221; global_colors_info=&#8221;{}&#8221;][et_pb_image src=&#8221;https:\/\/www.salaplast.hu\/wp-content\/uploads\/2023\/04\/salaplast_9-scaled.jpg&#8221; alt=&#8221;Szabadalmaztatott t\u00f6bbsz\u00f6rhaszn\u00e1latos \u00e9telt\u00e1rol\u00f3 rendszer nagy\u00fczemi haszn\u00e1latra_salaplast&#8221; title_text=&#8221;Szabadalmaztatott t\u00f6bbsz\u00f6rhaszn\u00e1latos \u00e9telt\u00e1rol\u00f3 rendszer nagy\u00fczemi haszn\u00e1latra_salaplast&#8221; _builder_version=&#8221;4.20.4&#8243; _module_preset=&#8221;default&#8221; hover_enabled=&#8221;0&#8243; box_shadow_style=&#8221;preset1&#8243; global_colors_info=&#8221;{}&#8221; show_in_lightbox=&#8221;on&#8221; sticky_enabled=&#8221;0&#8243;][\/et_pb_image][\/et_pb_column][\/et_pb_row][et_pb_row column_structure=&#8221;1_2,1_2&#8243; _builder_version=&#8221;4.20.4&#8243; _module_preset=&#8221;default&#8221; global_colors_info=&#8221;{}&#8221;][et_pb_column type=&#8221;1_2&#8243; _builder_version=&#8221;4.20.4&#8243; _module_preset=&#8221;default&#8221; global_colors_info=&#8221;{}&#8221;][et_pb_image src=&#8221;https:\/\/www.salaplast.hu\/wp-content\/uploads\/2023\/04\/salaplast_10-scaled.jpg&#8221; alt=&#8221;Szabadalmaztatott t\u00f6bbsz\u00f6rhaszn\u00e1latos \u00e9telt\u00e1rol\u00f3 rendszer nagy\u00fczemi haszn\u00e1latra_salaplast&#8221; title_text=&#8221;Szabadalmaztatott t\u00f6bbsz\u00f6rhaszn\u00e1latos \u00e9telt\u00e1rol\u00f3 rendszer nagy\u00fczemi haszn\u00e1latra_salaplast&#8221; _builder_version=&#8221;4.20.4&#8243; _module_preset=&#8221;default&#8221; hover_enabled=&#8221;0&#8243; box_shadow_style=&#8221;preset1&#8243; global_colors_info=&#8221;{}&#8221; show_in_lightbox=&#8221;on&#8221; sticky_enabled=&#8221;0&#8243;][\/et_pb_image][\/et_pb_column][et_pb_column type=&#8221;1_2&#8243; _builder_version=&#8221;4.20.4&#8243; _module_preset=&#8221;default&#8221; global_colors_info=&#8221;{}&#8221;][et_pb_image src=&#8221;https:\/\/www.salaplast.hu\/wp-content\/uploads\/2023\/04\/salaplast_11-scaled.jpg&#8221; alt=&#8221;Szabadalmaztatott t\u00f6bbsz\u00f6rhaszn\u00e1latos \u00e9telt\u00e1rol\u00f3 rendszer nagy\u00fczemi haszn\u00e1latra_salaplast&#8221; title_text=&#8221;Szabadalmaztatott t\u00f6bbsz\u00f6rhaszn\u00e1latos \u00e9telt\u00e1rol\u00f3 rendszer nagy\u00fczemi haszn\u00e1latra_salaplast&#8221; _builder_version=&#8221;4.20.4&#8243; _module_preset=&#8221;default&#8221; hover_enabled=&#8221;0&#8243; box_shadow_style=&#8221;preset1&#8243; global_colors_info=&#8221;{}&#8221; show_in_lightbox=&#8221;on&#8221; sticky_enabled=&#8221;0&#8243;][\/et_pb_image][\/et_pb_column][\/et_pb_row][et_pb_row _builder_version=&#8221;4.20.4&#8243; _module_preset=&#8221;default&#8221; global_colors_info=&#8221;{}&#8221;][et_pb_column type=&#8221;4_4&#8243; _builder_version=&#8221;4.20.4&#8243; _module_preset=&#8221;default&#8221; global_colors_info=&#8221;{}&#8221;][et_pb_text _builder_version=&#8221;4.20.4&#8243; _module_preset=&#8221;default&#8221; global_colors_info=&#8221;{}&#8221;]<\/p>\n<h2 style=\"text-align: center;\"><strong>Leveses tet\u0151<\/strong><\/h2>\n<p>[\/et_pb_text][\/et_pb_column][\/et_pb_row][et_pb_row column_structure=&#8221;1_2,1_2&#8243; _builder_version=&#8221;4.20.4&#8243; _module_preset=&#8221;default&#8221; global_colors_info=&#8221;{}&#8221;][et_pb_column type=&#8221;1_2&#8243; _builder_version=&#8221;4.20.4&#8243; _module_preset=&#8221;default&#8221; global_colors_info=&#8221;{}&#8221;][et_pb_image src=&#8221;https:\/\/www.salaplast.hu\/wp-content\/uploads\/2023\/04\/salaplast_16-scaled.jpg&#8221; alt=&#8221;Leveses tet\u0151_salaplast&#8221; title_text=&#8221;Leveses tet\u0151_salaplast&#8221; _builder_version=&#8221;4.20.4&#8243; _module_preset=&#8221;default&#8221; hover_enabled=&#8221;0&#8243; box_shadow_style=&#8221;preset1&#8243; global_colors_info=&#8221;{}&#8221; show_in_lightbox=&#8221;on&#8221; sticky_enabled=&#8221;0&#8243;][\/et_pb_image][\/et_pb_column][et_pb_column type=&#8221;1_2&#8243; _builder_version=&#8221;4.20.4&#8243; _module_preset=&#8221;default&#8221; global_colors_info=&#8221;{}&#8221;][et_pb_image src=&#8221;https:\/\/www.salaplast.hu\/wp-content\/uploads\/2023\/04\/salaplast_17-scaled.jpg&#8221; alt=&#8221;Leveses tet\u0151_salaplast&#8221; title_text=&#8221;Leveses tet\u0151_salaplast&#8221; _builder_version=&#8221;4.20.4&#8243; _module_preset=&#8221;default&#8221; hover_enabled=&#8221;0&#8243; box_shadow_style=&#8221;preset1&#8243; global_colors_info=&#8221;{}&#8221; show_in_lightbox=&#8221;on&#8221; sticky_enabled=&#8221;0&#8243;][\/et_pb_image][\/et_pb_column][\/et_pb_row][et_pb_row _builder_version=&#8221;4.20.4&#8243; _module_preset=&#8221;default&#8221; locked=&#8221;off&#8221; global_colors_info=&#8221;{}&#8221;][et_pb_column type=&#8221;4_4&#8243; _builder_version=&#8221;4.20.4&#8243; _module_preset=&#8221;default&#8221; global_colors_info=&#8221;{}&#8221;][et_pb_text _builder_version=&#8221;4.20.4&#8243; _module_preset=&#8221;default&#8221; global_colors_info=&#8221;{}&#8221;]<\/p>\n<h2 style=\"text-align: center;\"><strong>Konzervtet\u0151<\/strong><\/h2>\n<p>[\/et_pb_text][\/et_pb_column][\/et_pb_row][et_pb_row column_structure=&#8221;1_4,1_4,1_4,1_4&#8243; _builder_version=&#8221;4.20.4&#8243; _module_preset=&#8221;default&#8221; global_colors_info=&#8221;{}&#8221;][et_pb_column type=&#8221;1_4&#8243; _builder_version=&#8221;4.20.4&#8243; _module_preset=&#8221;default&#8221; global_colors_info=&#8221;{}&#8221;][et_pb_image src=&#8221;https:\/\/www.salaplast.hu\/wp-content\/uploads\/2023\/04\/salaplast_42-scaled.jpg&#8221; alt=&#8221;Konzervtet\u0151_salaplast&#8221; title_text=&#8221;Konzervtet\u0151_salaplast&#8221; _builder_version=&#8221;4.20.4&#8243; _module_preset=&#8221;default&#8221; hover_enabled=&#8221;0&#8243; box_shadow_style=&#8221;preset1&#8243; global_colors_info=&#8221;{}&#8221; show_in_lightbox=&#8221;on&#8221; sticky_enabled=&#8221;0&#8243;][\/et_pb_image][\/et_pb_column][et_pb_column type=&#8221;1_4&#8243; _builder_version=&#8221;4.20.4&#8243; _module_preset=&#8221;default&#8221; global_colors_info=&#8221;{}&#8221;][et_pb_image src=&#8221;https:\/\/www.salaplast.hu\/wp-content\/uploads\/2023\/04\/salaplast_43-scaled.jpg&#8221; alt=&#8221;Konzervtet\u0151_salaplast&#8221; title_text=&#8221;Konzervtet\u0151_salaplast&#8221; _builder_version=&#8221;4.20.4&#8243; _module_preset=&#8221;default&#8221; hover_enabled=&#8221;0&#8243; box_shadow_style=&#8221;preset1&#8243; global_colors_info=&#8221;{}&#8221; show_in_lightbox=&#8221;on&#8221; sticky_enabled=&#8221;0&#8243;][\/et_pb_image][\/et_pb_column][et_pb_column type=&#8221;1_4&#8243; _builder_version=&#8221;4.20.4&#8243; _module_preset=&#8221;default&#8221; global_colors_info=&#8221;{}&#8221;][et_pb_image src=&#8221;https:\/\/www.salaplast.hu\/wp-content\/uploads\/2023\/04\/salaplast_44-scaled.jpg&#8221; alt=&#8221;Konzervtet\u0151_salaplast&#8221; title_text=&#8221;Konzervtet\u0151_salaplast&#8221; _builder_version=&#8221;4.20.4&#8243; _module_preset=&#8221;default&#8221; hover_enabled=&#8221;0&#8243; box_shadow_style=&#8221;preset1&#8243; global_colors_info=&#8221;{}&#8221; show_in_lightbox=&#8221;on&#8221; sticky_enabled=&#8221;0&#8243;][\/et_pb_image][\/et_pb_column][et_pb_column type=&#8221;1_4&#8243; _builder_version=&#8221;4.20.4&#8243; _module_preset=&#8221;default&#8221; global_colors_info=&#8221;{}&#8221;][et_pb_image src=&#8221;https:\/\/www.salaplast.hu\/wp-content\/uploads\/2023\/04\/salaplast_45-scaled.jpg&#8221; alt=&#8221;Konzervtet\u0151_salaplast&#8221; title_text=&#8221;Konzervtet\u0151_salaplast&#8221; _builder_version=&#8221;4.20.4&#8243; _module_preset=&#8221;default&#8221; hover_enabled=&#8221;0&#8243; box_shadow_style=&#8221;preset1&#8243; global_colors_info=&#8221;{}&#8221; show_in_lightbox=&#8221;on&#8221; sticky_enabled=&#8221;0&#8243;][\/et_pb_image][\/et_pb_column][\/et_pb_row][et_pb_row _builder_version=&#8221;4.20.4&#8243; _module_preset=&#8221;default&#8221; locked=&#8221;off&#8221; global_colors_info=&#8221;{}&#8221;][et_pb_column type=&#8221;4_4&#8243; _builder_version=&#8221;4.20.4&#8243; _module_preset=&#8221;default&#8221; global_colors_info=&#8221;{}&#8221;][et_pb_text _builder_version=&#8221;4.20.4&#8243; _module_preset=&#8221;default&#8221; global_colors_info=&#8221;{}&#8221;]<\/p>\n<h2 style=\"text-align: center;\"><strong>K\u00f3rh\u00e1zi ed\u00e9nytet\u0151<\/strong><\/h2>\n<p>[\/et_pb_text][\/et_pb_column][\/et_pb_row][et_pb_row column_structure=&#8221;1_2,1_2&#8243; _builder_version=&#8221;4.20.4&#8243; _module_preset=&#8221;default&#8221; global_colors_info=&#8221;{}&#8221;][et_pb_column type=&#8221;1_2&#8243; _builder_version=&#8221;4.20.4&#8243; _module_preset=&#8221;default&#8221; global_colors_info=&#8221;{}&#8221;][et_pb_image src=&#8221;https:\/\/www.salaplast.hu\/wp-content\/uploads\/2023\/04\/salaplast_46-scaled.jpg&#8221; alt=&#8221;K\u00f3rh\u00e1zi ed\u00e9nytet\u0151_salaplast&#8221; title_text=&#8221;K\u00f3rh\u00e1zi ed\u00e9nytet\u0151_salaplast&#8221; _builder_version=&#8221;4.20.4&#8243; _module_preset=&#8221;default&#8221; hover_enabled=&#8221;0&#8243; box_shadow_style=&#8221;preset1&#8243; global_colors_info=&#8221;{}&#8221; show_in_lightbox=&#8221;on&#8221; sticky_enabled=&#8221;0&#8243;][\/et_pb_image][\/et_pb_column][et_pb_column type=&#8221;1_2&#8243; _builder_version=&#8221;4.20.4&#8243; _module_preset=&#8221;default&#8221; global_colors_info=&#8221;{}&#8221;][et_pb_image src=&#8221;https:\/\/www.salaplast.hu\/wp-content\/uploads\/2023\/04\/salaplast_47-scaled.jpg&#8221; alt=&#8221;K\u00f3rh\u00e1zi ed\u00e9nytet\u0151_salaplast&#8221; title_text=&#8221;K\u00f3rh\u00e1zi ed\u00e9nytet\u0151_salaplast&#8221; _builder_version=&#8221;4.20.4&#8243; _module_preset=&#8221;default&#8221; hover_enabled=&#8221;0&#8243; box_shadow_style=&#8221;preset1&#8243; global_colors_info=&#8221;{}&#8221; show_in_lightbox=&#8221;on&#8221; sticky_enabled=&#8221;0&#8243;][\/et_pb_image][\/et_pb_column][\/et_pb_row][et_pb_row _builder_version=&#8221;4.20.4&#8243; _module_preset=&#8221;default&#8221; global_colors_info=&#8221;{}&#8221;][et_pb_column type=&#8221;4_4&#8243; _builder_version=&#8221;4.20.4&#8243; _module_preset=&#8221;default&#8221; global_colors_info=&#8221;{}&#8221;][et_pb_text _builder_version=&#8221;4.20.4&#8243; _module_preset=&#8221;default&#8221; locked=&#8221;off&#8221; global_colors_info=&#8221;{}&#8221;]<\/p>\n<h2 style=\"text-align: center;\"><strong>Bakelitlemez f\u00fclbeval\u00f3<\/strong><\/h2>\n<p>[\/et_pb_text][\/et_pb_column][\/et_pb_row][et_pb_row column_structure=&#8221;1_2,1_2&#8243; _builder_version=&#8221;4.20.4&#8243; _module_preset=&#8221;default&#8221; locked=&#8221;off&#8221; global_colors_info=&#8221;{}&#8221;][et_pb_column type=&#8221;1_2&#8243; _builder_version=&#8221;4.20.4&#8243; _module_preset=&#8221;default&#8221; global_colors_info=&#8221;{}&#8221;][et_pb_image src=&#8221;https:\/\/www.salaplast.hu\/wp-content\/uploads\/2023\/04\/salaplast_18-scaled.jpg&#8221; alt=&#8221;Bakelitlemez f\u00fclbeval\u00f3_salaplast&#8221; title_text=&#8221;Bakelitlemez f\u00fclbeval\u00f3_salaplast&#8221; _builder_version=&#8221;4.20.4&#8243; _module_preset=&#8221;default&#8221; hover_enabled=&#8221;0&#8243; box_shadow_style=&#8221;preset1&#8243; global_colors_info=&#8221;{}&#8221; show_in_lightbox=&#8221;on&#8221; sticky_enabled=&#8221;0&#8243;][\/et_pb_image][\/et_pb_column][et_pb_column type=&#8221;1_2&#8243; _builder_version=&#8221;4.20.4&#8243; _module_preset=&#8221;default&#8221; global_colors_info=&#8221;{}&#8221;][et_pb_image src=&#8221;https:\/\/www.salaplast.hu\/wp-content\/uploads\/2023\/04\/salaplast_19-scaled.jpg&#8221; alt=&#8221;Bakelitlemez f\u00fclbeval\u00f3_salaplast&#8221; title_text=&#8221;Bakelitlemez f\u00fclbeval\u00f3_salaplast&#8221; _builder_version=&#8221;4.20.4&#8243; _module_preset=&#8221;default&#8221; hover_enabled=&#8221;0&#8243; box_shadow_style=&#8221;preset1&#8243; global_colors_info=&#8221;{}&#8221; show_in_lightbox=&#8221;on&#8221; sticky_enabled=&#8221;0&#8243;][\/et_pb_image][\/et_pb_column][\/et_pb_row][et_pb_row _builder_version=&#8221;4.20.4&#8243; _module_preset=&#8221;default&#8221; global_colors_info=&#8221;{}&#8221;][et_pb_column type=&#8221;4_4&#8243; _builder_version=&#8221;4.20.4&#8243; _module_preset=&#8221;default&#8221; global_colors_info=&#8221;{}&#8221;][et_pb_text _builder_version=&#8221;4.20.4&#8243; _module_preset=&#8221;default&#8221; global_colors_info=&#8221;{}&#8221;]<\/p>\n<h2 style=\"text-align: center;\"><strong>Hevedermag<\/strong><\/h2>\n<p>[\/et_pb_text][et_pb_image src=&#8221;https:\/\/www.salaplast.hu\/wp-content\/uploads\/2023\/04\/salaplast_54-scaled.jpg&#8221; alt=&#8221;Hevedermag_salaplast&#8221; title_text=&#8221;Hevedermag_salaplast&#8221; align=&#8221;center&#8221; _builder_version=&#8221;4.20.4&#8243; _module_preset=&#8221;default&#8221; width=&#8221;48%&#8221; hover_enabled=&#8221;0&#8243; box_shadow_style=&#8221;preset1&#8243; global_colors_info=&#8221;{}&#8221; show_in_lightbox=&#8221;on&#8221; sticky_enabled=&#8221;0&#8243;][\/et_pb_image][\/et_pb_column][\/et_pb_row][\/et_pb_section]<\/p>\n","protected":false},"excerpt":{"rendered":"<p>Saj\u00e1t term\u00e9kekSzabadalmaztatott t\u00f6bbsz\u00f6rhaszn\u00e1latos \u00e9telt\u00e1rol\u00f3 rendszer nagy\u00fczemi haszn\u00e1latraLeveses tet\u0151Konzervtet\u0151K\u00f3rh\u00e1zi ed\u00e9nytet\u0151Bakelitlemez f\u00fclbeval\u00f3Hevedermag<\/p>","protected":false},"author":1,"featured_media":0,"parent":0,"menu_order":0,"comment_status":"closed","ping_status":"closed","template":"","meta":{"_et_pb_use_builder":"on","_et_pb_old_content":"","_et_gb_content_width":"","footnotes":""},"class_list":["post-517","page","type-page","status-publish","hentry"],"yoast_head":"<!-- This site is optimized with the Yoast SEO Premium plugin v27.4 (Yoast SEO v27.4) - https:\/\/yoast.com\/product\/yoast-seo-premium-wordpress\/ -->\n<title>Salaplast - Saj\u00e1t term\u00e9kek<\/title>\n<meta name=\"robots\" content=\"index, follow, max-snippet:-1, max-image-preview:large, max-video-preview:-1\" \/>\n<link rel=\"canonical\" href=\"https:\/\/www.salaplast.hu\/en\/sajat-termekek\/\" \/>\n<meta property=\"og:locale\" content=\"en_GB\" \/>\n<meta property=\"og:type\" content=\"article\" \/>\n<meta property=\"og:title\" content=\"Saj\u00e1t term\u00e9kek\" \/>\n<meta property=\"og:description\" content=\"Saj\u00e1t term\u00e9kekSzabadalmaztatott t\u00f6bbsz\u00f6rhaszn\u00e1latos \u00e9telt\u00e1rol\u00f3 rendszer nagy\u00fczemi haszn\u00e1latraLeveses tet\u0151Konzervtet\u0151K\u00f3rh\u00e1zi ed\u00e9nytet\u0151Bakelitlemez f\u00fclbeval\u00f3Hevedermag\" \/>\n<meta property=\"og:url\" content=\"https:\/\/www.salaplast.hu\/en\/sajat-termekek\/\" \/>\n<meta property=\"og:site_name\" content=\"Salaplast Kft.\" \/>\n<meta property=\"article:publisher\" content=\"https:\/\/www.facebook.com\/salaplast.hu\" \/>\n<meta property=\"article:modified_time\" content=\"2023-04-26T09:36:26+00:00\" \/>\n<meta name=\"twitter:card\" content=\"summary_large_image\" \/>\n<meta name=\"twitter:label1\" content=\"Estimated reading time\" \/>\n\t<meta name=\"twitter:data1\" content=\"3 minutes\" \/>\n<script type=\"application\/ld+json\" class=\"yoast-schema-graph\">{\"@context\":\"https:\\\/\\\/schema.org\",\"@graph\":[{\"@type\":\"WebPage\",\"@id\":\"https:\\\/\\\/www.salaplast.hu\\\/sajat-termekek\\\/\",\"url\":\"https:\\\/\\\/www.salaplast.hu\\\/sajat-termekek\\\/\",\"name\":\"Salaplast - Saj\u00e1t term\u00e9kek\",\"isPartOf\":{\"@id\":\"https:\\\/\\\/www.salaplast.hu\\\/#website\"},\"datePublished\":\"2023-04-24T08:15:21+00:00\",\"dateModified\":\"2023-04-26T09:36:26+00:00\",\"breadcrumb\":{\"@id\":\"https:\\\/\\\/www.salaplast.hu\\\/sajat-termekek\\\/#breadcrumb\"},\"inLanguage\":\"en-GB\",\"potentialAction\":[{\"@type\":\"ReadAction\",\"target\":[\"https:\\\/\\\/www.salaplast.hu\\\/sajat-termekek\\\/\"]}]},{\"@type\":\"BreadcrumbList\",\"@id\":\"https:\\\/\\\/www.salaplast.hu\\\/sajat-termekek\\\/#breadcrumb\",\"itemListElement\":[{\"@type\":\"ListItem\",\"position\":1,\"name\":\"Kezd\u0151lap\",\"item\":\"https:\\\/\\\/www.salaplast.hu\\\/\"},{\"@type\":\"ListItem\",\"position\":2,\"name\":\"Saj\u00e1t term\u00e9kek\"}]},{\"@type\":\"WebSite\",\"@id\":\"https:\\\/\\\/www.salaplast.hu\\\/#website\",\"url\":\"https:\\\/\\\/www.salaplast.hu\\\/\",\"name\":\"Salaplast Kft.\",\"description\":\"M\u0171anyag fr\u00f6ccs\u00f6nt\u00e9s\",\"publisher\":{\"@id\":\"https:\\\/\\\/www.salaplast.hu\\\/#organization\"},\"potentialAction\":[{\"@type\":\"SearchAction\",\"target\":{\"@type\":\"EntryPoint\",\"urlTemplate\":\"https:\\\/\\\/www.salaplast.hu\\\/?s={search_term_string}\"},\"query-input\":{\"@type\":\"PropertyValueSpecification\",\"valueRequired\":true,\"valueName\":\"search_term_string\"}}],\"inLanguage\":\"en-GB\"},{\"@type\":\"Organization\",\"@id\":\"https:\\\/\\\/www.salaplast.hu\\\/#organization\",\"name\":\"Salaplast Kft.\",\"url\":\"https:\\\/\\\/www.salaplast.hu\\\/\",\"logo\":{\"@type\":\"ImageObject\",\"inLanguage\":\"en-GB\",\"@id\":\"https:\\\/\\\/www.salaplast.hu\\\/#\\\/schema\\\/logo\\\/image\\\/\",\"url\":\"https:\\\/\\\/www.salaplast.hu\\\/wp-content\\\/uploads\\\/2023\\\/05\\\/logo.png\",\"contentUrl\":\"https:\\\/\\\/www.salaplast.hu\\\/wp-content\\\/uploads\\\/2023\\\/05\\\/logo.png\",\"width\":120,\"height\":120,\"caption\":\"Salaplast Kft.\"},\"image\":{\"@id\":\"https:\\\/\\\/www.salaplast.hu\\\/#\\\/schema\\\/logo\\\/image\\\/\"},\"sameAs\":[\"https:\\\/\\\/www.facebook.com\\\/salaplast.hu\"]}]}<\/script>\n<!-- \/ Yoast SEO Premium plugin. -->","yoast_head_json":{"title":"Salaplast - Saj\u00e1t term\u00e9kek","robots":{"index":"index","follow":"follow","max-snippet":"max-snippet:-1","max-image-preview":"max-image-preview:large","max-video-preview":"max-video-preview:-1"},"canonical":"https:\/\/www.salaplast.hu\/en\/sajat-termekek\/","og_locale":"en_GB","og_type":"article","og_title":"Saj\u00e1t term\u00e9kek","og_description":"Saj\u00e1t term\u00e9kekSzabadalmaztatott t\u00f6bbsz\u00f6rhaszn\u00e1latos \u00e9telt\u00e1rol\u00f3 rendszer nagy\u00fczemi haszn\u00e1latraLeveses tet\u0151Konzervtet\u0151K\u00f3rh\u00e1zi ed\u00e9nytet\u0151Bakelitlemez f\u00fclbeval\u00f3Hevedermag","og_url":"https:\/\/www.salaplast.hu\/en\/sajat-termekek\/","og_site_name":"Salaplast Kft.","article_publisher":"https:\/\/www.facebook.com\/salaplast.hu","article_modified_time":"2023-04-26T09:36:26+00:00","twitter_card":"summary_large_image","twitter_misc":{"Estimated reading time":"3 minutes"},"schema":{"@context":"https:\/\/schema.org","@graph":[{"@type":"WebPage","@id":"https:\/\/www.salaplast.hu\/sajat-termekek\/","url":"https:\/\/www.salaplast.hu\/sajat-termekek\/","name":"Salaplast - Saj\u00e1t term\u00e9kek","isPartOf":{"@id":"https:\/\/www.salaplast.hu\/#website"},"datePublished":"2023-04-24T08:15:21+00:00","dateModified":"2023-04-26T09:36:26+00:00","breadcrumb":{"@id":"https:\/\/www.salaplast.hu\/sajat-termekek\/#breadcrumb"},"inLanguage":"en-GB","potentialAction":[{"@type":"ReadAction","target":["https:\/\/www.salaplast.hu\/sajat-termekek\/"]}]},{"@type":"BreadcrumbList","@id":"https:\/\/www.salaplast.hu\/sajat-termekek\/#breadcrumb","itemListElement":[{"@type":"ListItem","position":1,"name":"Kezd\u0151lap","item":"https:\/\/www.salaplast.hu\/"},{"@type":"ListItem","position":2,"name":"Saj\u00e1t term\u00e9kek"}]},{"@type":"WebSite","@id":"https:\/\/www.salaplast.hu\/#website","url":"https:\/\/www.salaplast.hu\/","name":"Salaplast Kft.","description":"M\u0171anyag fr\u00f6ccs\u00f6nt\u00e9s","publisher":{"@id":"https:\/\/www.salaplast.hu\/#organization"},"potentialAction":[{"@type":"SearchAction","target":{"@type":"EntryPoint","urlTemplate":"https:\/\/www.salaplast.hu\/?s={search_term_string}"},"query-input":{"@type":"PropertyValueSpecification","valueRequired":true,"valueName":"search_term_string"}}],"inLanguage":"en-GB"},{"@type":"Organization","@id":"https:\/\/www.salaplast.hu\/#organization","name":"Salaplast Kft.","url":"https:\/\/www.salaplast.hu\/","logo":{"@type":"ImageObject","inLanguage":"en-GB","@id":"https:\/\/www.salaplast.hu\/#\/schema\/logo\/image\/","url":"https:\/\/www.salaplast.hu\/wp-content\/uploads\/2023\/05\/logo.png","contentUrl":"https:\/\/www.salaplast.hu\/wp-content\/uploads\/2023\/05\/logo.png","width":120,"height":120,"caption":"Salaplast Kft."},"image":{"@id":"https:\/\/www.salaplast.hu\/#\/schema\/logo\/image\/"},"sameAs":["https:\/\/www.facebook.com\/salaplast.hu"]}]}},"_links":{"self":[{"href":"https:\/\/www.salaplast.hu\/en\/wp-json\/wp\/v2\/pages\/517","targetHints":{"allow":["GET"]}}],"collection":[{"href":"https:\/\/www.salaplast.hu\/en\/wp-json\/wp\/v2\/pages"}],"about":[{"href":"https:\/\/www.salaplast.hu\/en\/wp-json\/wp\/v2\/types\/page"}],"author":[{"embeddable":true,"href":"https:\/\/www.salaplast.hu\/en\/wp-json\/wp\/v2\/users\/1"}],"replies":[{"embeddable":true,"href":"https:\/\/www.salaplast.hu\/en\/wp-json\/wp\/v2\/comments?post=517"}],"version-history":[{"count":5,"href":"https:\/\/www.salaplast.hu\/en\/wp-json\/wp\/v2\/pages\/517\/revisions"}],"predecessor-version":[{"id":611,"href":"https:\/\/www.salaplast.hu\/en\/wp-json\/wp\/v2\/pages\/517\/revisions\/611"}],"wp:attachment":[{"href":"https:\/\/www.salaplast.hu\/en\/wp-json\/wp\/v2\/media?parent=517"}],"curies":[{"name":"wp","href":"https:\/\/api.w.org\/{rel}","templated":true}]}}