{"id":34,"date":"2023-04-14T10:49:31","date_gmt":"2023-04-14T10:49:31","guid":{"rendered":"https:\/\/www.salaplast.hu\/?page_id=34"},"modified":"2023-04-24T14:49:46","modified_gmt":"2023-04-24T14:49:46","slug":"minosegpolitika","status":"publish","type":"page","link":"https:\/\/www.salaplast.hu\/en\/minosegpolitika\/","title":{"rendered":"Quality Policy"},"content":{"rendered":"<p>[et_pb_section fb_built=&#8221;1&#8243; _builder_version=&#8221;4.20.4&#8243; _module_preset=&#8221;default&#8221; global_colors_info=&#8221;{}&#8221;][et_pb_row admin_label=&#8221;Reach Us Area&#8221; _builder_version=&#8221;4.16&#8243; custom_padding=&#8221;||9px|||&#8221; global_colors_info=&#8221;{}&#8221; locked=&#8221;off&#8221;][et_pb_column type=&#8221;4_4&#8243; _builder_version=&#8221;4.16&#8243; custom_padding=&#8221;|||&#8221; global_colors_info=&#8221;{}&#8221; custom_padding__hover=&#8221;|||&#8221;][et_pb_text admin_label=&#8221;1&#8243; _builder_version=&#8221;4.20.4&#8243; header_2_font=&#8221;Poppins|700||on|||||&#8221; header_2_text_align=&#8221;center&#8221; header_2_text_color=&#8221;#f7b163&#8243; header_2_font_size=&#8221;40px&#8221; max_width=&#8221;550px&#8221; module_alignment=&#8221;center&#8221; custom_margin=&#8221;||0px|&#8221; hover_enabled=&#8221;0&#8243; global_colors_info=&#8221;{}&#8221; sticky_enabled=&#8221;0&#8243;]<\/p>\n<h2>Min\u0151s\u00e9gpolitika<\/h2>\n<p>[\/et_pb_text][et_pb_divider color=&#8221;#f7b163&#8243; divider_position=&#8221;center&#8221; divider_weight=&#8221;3px&#8221; _builder_version=&#8221;4.20.4&#8243; max_width=&#8221;50px&#8221; module_alignment=&#8221;center&#8221; custom_margin=&#8221;||20px|&#8221; animation_direction=&#8221;top&#8221; hover_enabled=&#8221;0&#8243; global_colors_info=&#8221;{}&#8221; sticky_enabled=&#8221;0&#8243;][\/et_pb_divider][\/et_pb_column][\/et_pb_row][et_pb_row _builder_version=&#8221;4.20.4&#8243; _module_preset=&#8221;default&#8221; global_colors_info=&#8221;{}&#8221;][et_pb_column type=&#8221;4_4&#8243; _builder_version=&#8221;4.20.4&#8243; _module_preset=&#8221;default&#8221; global_colors_info=&#8221;{}&#8221;][et_pb_text _builder_version=&#8221;4.20.4&#8243; _module_preset=&#8221;default&#8221; hover_enabled=&#8221;0&#8243; global_colors_info=&#8221;{}&#8221; text_font_size=&#8221;16px&#8221; sticky_enabled=&#8221;0&#8243;]<\/p>\n<blockquote>\n<p><strong><em>\u201eMin\u0151s\u00e9get kedvez\u0151 \u00e1ron!\u201d &#8211; <\/em><span style=\"font-size: 14px;\">Ez c\u00e9g\u00fcnk mott\u00f3ja.<\/span><\/strong><\/p>\n<\/blockquote>\n<p><strong>Nagy figyelmet ford\u00edtunk g\u00e9pparkunk folyamatos moderniz\u00e1ci\u00f3j\u00e1ra, valamint szakmai ismereteink naprak\u00e9szen tart\u00e1s\u00e1ra.<\/strong><\/p>\n<p><strong>C\u00e9g\u00fcnket m\u00e1r j\u00f3 ideje energiatudatos szeml\u00e9letm\u00f3d jellemzi, amely \u00fagy k\u00f6rnyezetv\u00e9delmi, mint gazdas\u00e1goss\u00e1gi szempontb\u00f3l elengedhetetlen. Tiszt\u00e1ban vagyunk azzal is, hogy az id\u0151 p\u00e9nz \u00e9s partnereink siker\u00e9hez l\u00e9tfontoss\u00e1g\u00fa a hat\u00e1rid\u0151k pontos betart\u00e1sa, \u00edgy erre fokozott figyelmet ford\u00edtunk.<\/strong><\/p>\n<p><strong>\u00c1lland\u00f3 \u00e9s visszat\u00e9r\u0151 \u00fcgyfeleink magas sz\u00e1ma azt mutatja, hogy j\u00f3 \u00faton j\u00e1runk.<\/strong><\/p>\n<blockquote><\/blockquote>\n<blockquote><\/blockquote>\n<p>[\/et_pb_text][\/et_pb_column][\/et_pb_row][\/et_pb_section][et_pb_section fb_built=&#8221;1&#8243; admin_label=&#8221;Reach Us Section&#8221; _builder_version=&#8221;4.16&#8243; custom_padding=&#8221;0||77px||false|false&#8221; locked=&#8221;off&#8221; global_colors_info=&#8221;{}&#8221;][et_pb_row admin_label=&#8221;Reach Us Area&#8221; _builder_version=&#8221;4.16&#8243; custom_padding=&#8221;||9px|||&#8221; global_colors_info=&#8221;{}&#8221;][et_pb_column type=&#8221;4_4&#8243; _builder_version=&#8221;4.16&#8243; custom_padding=&#8221;|||&#8221; global_colors_info=&#8221;{}&#8221; custom_padding__hover=&#8221;|||&#8221;][et_pb_text admin_label=&#8221;1&#8243; _builder_version=&#8221;4.20.4&#8243; header_2_font=&#8221;Poppins|700||on|||||&#8221; header_2_text_align=&#8221;center&#8221; header_2_text_color=&#8221;#f7b163&#8243; header_2_font_size=&#8221;40px&#8221; max_width=&#8221;550px&#8221; module_alignment=&#8221;center&#8221; custom_margin=&#8221;||0px|&#8221; hover_enabled=&#8221;0&#8243; global_colors_info=&#8221;{}&#8221; sticky_enabled=&#8221;0&#8243;]<\/p>\n<h2>PARTNEREINK<\/h2>\n<p>[\/et_pb_text][et_pb_divider color=&#8221;#f7b163&#8243; divider_position=&#8221;center&#8221; divider_weight=&#8221;3px&#8221; _builder_version=&#8221;4.20.4&#8243; max_width=&#8221;50px&#8221; module_alignment=&#8221;center&#8221; custom_margin=&#8221;||20px|&#8221; animation_direction=&#8221;top&#8221; hover_enabled=&#8221;0&#8243; global_colors_info=&#8221;{}&#8221; sticky_enabled=&#8221;0&#8243;][\/et_pb_divider][\/et_pb_column][\/et_pb_row][et_pb_row column_structure=&#8221;1_6,1_6,1_6,1_6,1_6,1_6&#8243; admin_label=&#8221;Reach Us Area&#8221; _builder_version=&#8221;4.20.4&#8243; custom_padding=&#8221;||9px|||&#8221; global_colors_info=&#8221;{}&#8221;][et_pb_column type=&#8221;1_6&#8243; _builder_version=&#8221;4.16&#8243; custom_padding=&#8221;|||&#8221; global_colors_info=&#8221;{}&#8221; custom_padding__hover=&#8221;|||&#8221;][et_pb_image src=&#8221;https:\/\/www.salaplast.hu\/wp-content\/uploads\/2023\/04\/szeplast_logo.jpg&#8221; alt=&#8221;szeplast_logo&#8221; title_text=&#8221;szeplast_logo&#8221; _builder_version=&#8221;4.20.4&#8243; _module_preset=&#8221;default&#8221; global_colors_info=&#8221;{}&#8221;][\/et_pb_image][\/et_pb_column][et_pb_column type=&#8221;1_6&#8243; _builder_version=&#8221;4.16&#8243; custom_padding=&#8221;|||&#8221; global_colors_info=&#8221;{}&#8221; custom_padding__hover=&#8221;|||&#8221;][et_pb_image src=&#8221;https:\/\/www.salaplast.hu\/wp-content\/uploads\/2023\/04\/sulihost_logo.jpg&#8221; alt=&#8221;Alukonstrukt_logo&#8221; title_text=&#8221;sulihost_logo&#8221; _builder_version=&#8221;4.20.4&#8243; _module_preset=&#8221;default&#8221; global_colors_info=&#8221;{}&#8221;][\/et_pb_image][\/et_pb_column][et_pb_column type=&#8221;1_6&#8243; _builder_version=&#8221;4.16&#8243; custom_padding=&#8221;|||&#8221; global_colors_info=&#8221;{}&#8221; custom_padding__hover=&#8221;|||&#8221;][et_pb_image src=&#8221;https:\/\/www.salaplast.hu\/wp-content\/uploads\/2023\/04\/mav_logo.jpg&#8221; alt=&#8221;mav_logo&#8221; title_text=&#8221;mav_logo&#8221; _builder_version=&#8221;4.20.4&#8243; _module_preset=&#8221;default&#8221; global_colors_info=&#8221;{}&#8221;][\/et_pb_image][\/et_pb_column][et_pb_column type=&#8221;1_6&#8243; _builder_version=&#8221;4.16&#8243; custom_padding=&#8221;|||&#8221; global_colors_info=&#8221;{}&#8221; custom_padding__hover=&#8221;|||&#8221;][et_pb_image src=&#8221;https:\/\/www.salaplast.hu\/wp-content\/uploads\/2023\/04\/SZKT.jpg&#8221; alt=&#8221;szkt_logo&#8221; title_text=&#8221;szkt_logo&#8221; _builder_version=&#8221;4.20.4&#8243; _module_preset=&#8221;default&#8221; global_colors_info=&#8221;{}&#8221;][\/et_pb_image][\/et_pb_column][et_pb_column type=&#8221;1_6&#8243; _builder_version=&#8221;4.16&#8243; custom_padding=&#8221;|||&#8221; global_colors_info=&#8221;{}&#8221; custom_padding__hover=&#8221;|||&#8221;][et_pb_image src=&#8221;https:\/\/www.salaplast.hu\/wp-content\/uploads\/2023\/04\/continental_logo.png&#8221; alt=&#8221;continental_logo&#8221; title_text=&#8221;continental_logo&#8221; _builder_version=&#8221;4.20.4&#8243; _module_preset=&#8221;default&#8221; global_colors_info=&#8221;{}&#8221;][\/et_pb_image][\/et_pb_column][et_pb_column type=&#8221;1_6&#8243; _builder_version=&#8221;4.20.4&#8243; _module_preset=&#8221;default&#8221; global_colors_info=&#8221;{}&#8221;][et_pb_image src=&#8221;https:\/\/www.salaplast.hu\/wp-content\/uploads\/2023\/04\/pick_logo.jpg&#8221; alt=&#8221;pick_logo&#8221; title_text=&#8221;pick_logo&#8221; _builder_version=&#8221;4.20.4&#8243; _module_preset=&#8221;default&#8221; global_colors_info=&#8221;{}&#8221;][\/et_pb_image][\/et_pb_column][\/et_pb_row][et_pb_row column_structure=&#8221;1_6,1_6,1_6,1_6,1_6,1_6&#8243; admin_label=&#8221;Reach Us Area&#8221; _builder_version=&#8221;4.20.4&#8243; custom_padding=&#8221;||9px|||&#8221; global_colors_info=&#8221;{}&#8221;][et_pb_column type=&#8221;1_6&#8243; _builder_version=&#8221;4.16&#8243; custom_padding=&#8221;|||&#8221; global_colors_info=&#8221;{}&#8221; custom_padding__hover=&#8221;|||&#8221;][et_pb_image src=&#8221;https:\/\/www.salaplast.hu\/wp-content\/uploads\/2023\/04\/huber_logo.jpg&#8221; alt=&#8221;huber_logo&#8221; title_text=&#8221;huber_logo&#8221; _builder_version=&#8221;4.20.4&#8243; _module_preset=&#8221;default&#8221; global_colors_info=&#8221;{}&#8221;][\/et_pb_image][\/et_pb_column][et_pb_column type=&#8221;1_6&#8243; _builder_version=&#8221;4.16&#8243; custom_padding=&#8221;|||&#8221; global_colors_info=&#8221;{}&#8221; custom_padding__hover=&#8221;|||&#8221;][et_pb_image src=&#8221;https:\/\/www.salaplast.hu\/wp-content\/uploads\/2023\/04\/szte_logo.jpg&#8221; alt=&#8221;szte_logo&#8221; title_text=&#8221;szte_logo&#8221; _builder_version=&#8221;4.20.4&#8243; _module_preset=&#8221;default&#8221; global_colors_info=&#8221;{}&#8221;][\/et_pb_image][\/et_pb_column][et_pb_column type=&#8221;1_6&#8243; _builder_version=&#8221;4.16&#8243; custom_padding=&#8221;|||&#8221; global_colors_info=&#8221;{}&#8221; custom_padding__hover=&#8221;|||&#8221;][et_pb_image src=&#8221;https:\/\/www.salaplast.hu\/wp-content\/uploads\/2023\/04\/gelka_logo.png&#8221; alt=&#8221;gelka_logo&#8221; title_text=&#8221;gelka_logo&#8221; _builder_version=&#8221;4.20.4&#8243; _module_preset=&#8221;default&#8221; global_colors_info=&#8221;{}&#8221;][\/et_pb_image][\/et_pb_column][et_pb_column type=&#8221;1_6&#8243; _builder_version=&#8221;4.16&#8243; custom_padding=&#8221;|||&#8221; global_colors_info=&#8221;{}&#8221; custom_padding__hover=&#8221;|||&#8221;][et_pb_image src=&#8221;https:\/\/www.salaplast.hu\/wp-content\/uploads\/2023\/04\/labtech_logo.png&#8221; alt=&#8221;labtech_logo&#8221; title_text=&#8221;labtech_logo&#8221; _builder_version=&#8221;4.20.4&#8243; _module_preset=&#8221;default&#8221; global_colors_info=&#8221;{}&#8221;][\/et_pb_image][\/et_pb_column][et_pb_column type=&#8221;1_6&#8243; _builder_version=&#8221;4.16&#8243; custom_padding=&#8221;|||&#8221; global_colors_info=&#8221;{}&#8221; custom_padding__hover=&#8221;|||&#8221;][et_pb_image src=&#8221;https:\/\/www.salaplast.hu\/wp-content\/uploads\/2023\/04\/Delirest_logo.jpg&#8221; alt=&#8221;Delirest_logo&#8221; title_text=&#8221;Delirest_logo&#8221; _builder_version=&#8221;4.20.4&#8243; _module_preset=&#8221;default&#8221; global_colors_info=&#8221;{}&#8221;][\/et_pb_image][\/et_pb_column][et_pb_column type=&#8221;1_6&#8243; _builder_version=&#8221;4.20.4&#8243; _module_preset=&#8221;default&#8221; global_colors_info=&#8221;{}&#8221;][et_pb_image src=&#8221;https:\/\/www.salaplast.hu\/wp-content\/uploads\/2023\/04\/villbek_logo.jpg&#8221; alt=&#8221;villbek_logo&#8221; title_text=&#8221;villbek_logo&#8221; _builder_version=&#8221;4.20.4&#8243; _module_preset=&#8221;default&#8221; global_colors_info=&#8221;{}&#8221;][\/et_pb_image][\/et_pb_column][\/et_pb_row][et_pb_row column_structure=&#8221;1_6,1_6,1_6,1_6,1_6,1_6&#8243; admin_label=&#8221;Reach Us Area&#8221; _builder_version=&#8221;4.20.4&#8243; custom_padding=&#8221;||9px|||&#8221; global_colors_info=&#8221;{}&#8221;][et_pb_column type=&#8221;1_6&#8243; _builder_version=&#8221;4.16&#8243; custom_padding=&#8221;|||&#8221; global_colors_info=&#8221;{}&#8221; custom_padding__hover=&#8221;|||&#8221;][et_pb_image src=&#8221;https:\/\/www.salaplast.hu\/wp-content\/uploads\/2023\/04\/kadasco_logo.jpg&#8221; alt=&#8221;k\u00e1das&#038;co_logo&#8221; title_text=&#8221;k\u00e1das&#038;co_logo&#8221; _builder_version=&#8221;4.20.4&#8243; _module_preset=&#8221;default&#8221; global_colors_info=&#8221;{}&#8221;][\/et_pb_image][\/et_pb_column][et_pb_column type=&#8221;1_6&#8243; _builder_version=&#8221;4.16&#8243; custom_padding=&#8221;|||&#8221; global_colors_info=&#8221;{}&#8221; custom_padding__hover=&#8221;|||&#8221;][et_pb_image src=&#8221;https:\/\/www.salaplast.hu\/wp-content\/uploads\/2023\/04\/A-plast_logo.png&#8221; alt=&#8221;A-plast_logo&#8221; title_text=&#8221;A-plast_logo&#8221; _builder_version=&#8221;4.20.4&#8243; _module_preset=&#8221;default&#8221; global_colors_info=&#8221;{}&#8221;][\/et_pb_image][\/et_pb_column][et_pb_column type=&#8221;1_6&#8243; _builder_version=&#8221;4.16&#8243; custom_padding=&#8221;|||&#8221; global_colors_info=&#8221;{}&#8221; custom_padding__hover=&#8221;|||&#8221;][et_pb_image src=&#8221;https:\/\/www.salaplast.hu\/wp-content\/uploads\/2023\/04\/pettbull_logo.png&#8221; alt=&#8221;pettbull_logo&#8221; title_text=&#8221;pettbull_logo&#8221; _builder_version=&#8221;4.20.4&#8243; _module_preset=&#8221;default&#8221; global_colors_info=&#8221;{}&#8221;][\/et_pb_image][\/et_pb_column][et_pb_column type=&#8221;1_6&#8243; _builder_version=&#8221;4.16&#8243; custom_padding=&#8221;|||&#8221; global_colors_info=&#8221;{}&#8221; custom_padding__hover=&#8221;|||&#8221;][et_pb_image src=&#8221;https:\/\/www.salaplast.hu\/wp-content\/uploads\/2023\/04\/Alukonstrukt_logo.jpg&#8221; alt=&#8221;Alukonstrukt_logo&#8221; title_text=&#8221;Alukonstrukt_logo&#8221; _builder_version=&#8221;4.20.4&#8243; _module_preset=&#8221;default&#8221; global_colors_info=&#8221;{}&#8221;][\/et_pb_image][\/et_pb_column][et_pb_column type=&#8221;1_6&#8243; _builder_version=&#8221;4.16&#8243; custom_padding=&#8221;|||&#8221; global_colors_info=&#8221;{}&#8221; custom_padding__hover=&#8221;|||&#8221;][et_pb_image src=&#8221;https:\/\/www.salaplast.hu\/wp-content\/uploads\/2023\/04\/profinails_logo.png&#8221; alt=&#8221;profinails_logo&#8221; title_text=&#8221;profinails_logo&#8221; _builder_version=&#8221;4.20.4&#8243; _module_preset=&#8221;default&#8221; global_colors_info=&#8221;{}&#8221;][\/et_pb_image][\/et_pb_column][et_pb_column type=&#8221;1_6&#8243; _builder_version=&#8221;4.20.4&#8243; _module_preset=&#8221;default&#8221; global_colors_info=&#8221;{}&#8221;][et_pb_image src=&#8221;https:\/\/www.salaplast.hu\/wp-content\/uploads\/2023\/04\/Rodent_logo.jpg&#8221; alt=&#8221;Rodent_logo&#8221; title_text=&#8221;Rodent_logo&#8221; _builder_version=&#8221;4.20.4&#8243; _module_preset=&#8221;default&#8221; global_colors_info=&#8221;{}&#8221;][\/et_pb_image][\/et_pb_column][\/et_pb_row][\/et_pb_section]<\/p>\n","protected":false},"excerpt":{"rendered":"<p>Min\u0151s\u00e9gpolitika \u201eMin\u0151s\u00e9get kedvez\u0151 \u00e1ron!\u201d &#8211; Ez c\u00e9g\u00fcnk mott\u00f3ja. Nagy figyelmet ford\u00edtunk g\u00e9pparkunk folyamatos moderniz\u00e1ci\u00f3j\u00e1ra, valamint szakmai ismereteink naprak\u00e9szen tart\u00e1s\u00e1ra. C\u00e9g\u00fcnket m\u00e1r j\u00f3 ideje energiatudatos szeml\u00e9letm\u00f3d jellemzi, amely \u00fagy k\u00f6rnyezetv\u00e9delmi, mint gazdas\u00e1goss\u00e1gi szempontb\u00f3l elengedhetetlen. Tiszt\u00e1ban vagyunk azzal is, hogy az id\u0151 p\u00e9nz \u00e9s partnereink siker\u00e9hez l\u00e9tfontoss\u00e1g\u00fa a hat\u00e1rid\u0151k pontos betart\u00e1sa, \u00edgy erre fokozott figyelmet ford\u00edtunk. \u00c1lland\u00f3 [&hellip;]<\/p>\n","protected":false},"author":1,"featured_media":0,"parent":0,"menu_order":0,"comment_status":"closed","ping_status":"closed","template":"","meta":{"_et_pb_use_builder":"on","_et_pb_old_content":"","_et_gb_content_width":"","footnotes":""},"class_list":["post-34","page","type-page","status-publish","hentry"],"yoast_head":"<!-- This site is optimized with the Yoast SEO Premium plugin v27.4 (Yoast SEO v27.4) - https:\/\/yoast.com\/product\/yoast-seo-premium-wordpress\/ -->\n<title>Salaplast | Min\u0151s\u00e9gpolitika<\/title>\n<meta name=\"description\" content=\"\u201eMin\u0151s\u00e9get kedvez\u0151 \u00e1ron!\u201d Ez c\u00e9g\u00fcnk mott\u00f3ja. Nagy figyelmet ford\u00edtunk g\u00e9pparkunk folyamatos moderniz\u00e1ci\u00f3j\u00e1ra.\" \/>\n<meta name=\"robots\" content=\"index, follow, max-snippet:-1, max-image-preview:large, max-video-preview:-1\" \/>\n<link rel=\"canonical\" href=\"https:\/\/www.salaplast.hu\/en\/minosegpolitika\/\" \/>\n<meta property=\"og:locale\" content=\"en_GB\" \/>\n<meta property=\"og:type\" content=\"article\" \/>\n<meta property=\"og:title\" content=\"Min\u0151s\u00e9gpolitika\" \/>\n<meta property=\"og:description\" content=\"\u201eMin\u0151s\u00e9get kedvez\u0151 \u00e1ron!\u201d Ez c\u00e9g\u00fcnk mott\u00f3ja. Nagy figyelmet ford\u00edtunk g\u00e9pparkunk folyamatos moderniz\u00e1ci\u00f3j\u00e1ra.\" \/>\n<meta property=\"og:url\" content=\"https:\/\/www.salaplast.hu\/en\/minosegpolitika\/\" \/>\n<meta property=\"og:site_name\" content=\"Salaplast Kft.\" \/>\n<meta property=\"article:publisher\" content=\"https:\/\/www.facebook.com\/salaplast.hu\" \/>\n<meta property=\"article:modified_time\" content=\"2023-04-24T14:49:46+00:00\" \/>\n<meta name=\"twitter:card\" content=\"summary_large_image\" \/>\n<meta name=\"twitter:label1\" content=\"Estimated reading time\" \/>\n\t<meta name=\"twitter:data1\" content=\"1 minute\" \/>\n<script type=\"application\/ld+json\" class=\"yoast-schema-graph\">{\"@context\":\"https:\\\/\\\/schema.org\",\"@graph\":[{\"@type\":\"WebPage\",\"@id\":\"https:\\\/\\\/www.salaplast.hu\\\/minosegpolitika\\\/\",\"url\":\"https:\\\/\\\/www.salaplast.hu\\\/minosegpolitika\\\/\",\"name\":\"Salaplast | Min\u0151s\u00e9gpolitika\",\"isPartOf\":{\"@id\":\"https:\\\/\\\/www.salaplast.hu\\\/#website\"},\"datePublished\":\"2023-04-14T10:49:31+00:00\",\"dateModified\":\"2023-04-24T14:49:46+00:00\",\"description\":\"\u201eMin\u0151s\u00e9get kedvez\u0151 \u00e1ron!\u201d Ez c\u00e9g\u00fcnk mott\u00f3ja. Nagy figyelmet ford\u00edtunk g\u00e9pparkunk folyamatos moderniz\u00e1ci\u00f3j\u00e1ra.\",\"breadcrumb\":{\"@id\":\"https:\\\/\\\/www.salaplast.hu\\\/minosegpolitika\\\/#breadcrumb\"},\"inLanguage\":\"en-GB\",\"potentialAction\":[{\"@type\":\"ReadAction\",\"target\":[\"https:\\\/\\\/www.salaplast.hu\\\/minosegpolitika\\\/\"]}]},{\"@type\":\"BreadcrumbList\",\"@id\":\"https:\\\/\\\/www.salaplast.hu\\\/minosegpolitika\\\/#breadcrumb\",\"itemListElement\":[{\"@type\":\"ListItem\",\"position\":1,\"name\":\"Kezd\u0151lap\",\"item\":\"https:\\\/\\\/www.salaplast.hu\\\/\"},{\"@type\":\"ListItem\",\"position\":2,\"name\":\"Min\u0151s\u00e9gpolitika\"}]},{\"@type\":\"WebSite\",\"@id\":\"https:\\\/\\\/www.salaplast.hu\\\/#website\",\"url\":\"https:\\\/\\\/www.salaplast.hu\\\/\",\"name\":\"Salaplast Kft.\",\"description\":\"M\u0171anyag fr\u00f6ccs\u00f6nt\u00e9s\",\"publisher\":{\"@id\":\"https:\\\/\\\/www.salaplast.hu\\\/#organization\"},\"potentialAction\":[{\"@type\":\"SearchAction\",\"target\":{\"@type\":\"EntryPoint\",\"urlTemplate\":\"https:\\\/\\\/www.salaplast.hu\\\/?s={search_term_string}\"},\"query-input\":{\"@type\":\"PropertyValueSpecification\",\"valueRequired\":true,\"valueName\":\"search_term_string\"}}],\"inLanguage\":\"en-GB\"},{\"@type\":\"Organization\",\"@id\":\"https:\\\/\\\/www.salaplast.hu\\\/#organization\",\"name\":\"Salaplast Kft.\",\"url\":\"https:\\\/\\\/www.salaplast.hu\\\/\",\"logo\":{\"@type\":\"ImageObject\",\"inLanguage\":\"en-GB\",\"@id\":\"https:\\\/\\\/www.salaplast.hu\\\/#\\\/schema\\\/logo\\\/image\\\/\",\"url\":\"https:\\\/\\\/www.salaplast.hu\\\/wp-content\\\/uploads\\\/2023\\\/05\\\/logo.png\",\"contentUrl\":\"https:\\\/\\\/www.salaplast.hu\\\/wp-content\\\/uploads\\\/2023\\\/05\\\/logo.png\",\"width\":120,\"height\":120,\"caption\":\"Salaplast Kft.\"},\"image\":{\"@id\":\"https:\\\/\\\/www.salaplast.hu\\\/#\\\/schema\\\/logo\\\/image\\\/\"},\"sameAs\":[\"https:\\\/\\\/www.facebook.com\\\/salaplast.hu\"]}]}<\/script>\n<!-- \/ Yoast SEO Premium plugin. -->","yoast_head_json":{"title":"Salaplast | Min\u0151s\u00e9gpolitika","description":"\u201eMin\u0151s\u00e9get kedvez\u0151 \u00e1ron!\u201d Ez c\u00e9g\u00fcnk mott\u00f3ja. Nagy figyelmet ford\u00edtunk g\u00e9pparkunk folyamatos moderniz\u00e1ci\u00f3j\u00e1ra.","robots":{"index":"index","follow":"follow","max-snippet":"max-snippet:-1","max-image-preview":"max-image-preview:large","max-video-preview":"max-video-preview:-1"},"canonical":"https:\/\/www.salaplast.hu\/en\/minosegpolitika\/","og_locale":"en_GB","og_type":"article","og_title":"Min\u0151s\u00e9gpolitika","og_description":"\u201eMin\u0151s\u00e9get kedvez\u0151 \u00e1ron!\u201d Ez c\u00e9g\u00fcnk mott\u00f3ja. Nagy figyelmet ford\u00edtunk g\u00e9pparkunk folyamatos moderniz\u00e1ci\u00f3j\u00e1ra.","og_url":"https:\/\/www.salaplast.hu\/en\/minosegpolitika\/","og_site_name":"Salaplast Kft.","article_publisher":"https:\/\/www.facebook.com\/salaplast.hu","article_modified_time":"2023-04-24T14:49:46+00:00","twitter_card":"summary_large_image","twitter_misc":{"Estimated reading time":"1 minute"},"schema":{"@context":"https:\/\/schema.org","@graph":[{"@type":"WebPage","@id":"https:\/\/www.salaplast.hu\/minosegpolitika\/","url":"https:\/\/www.salaplast.hu\/minosegpolitika\/","name":"Salaplast | Min\u0151s\u00e9gpolitika","isPartOf":{"@id":"https:\/\/www.salaplast.hu\/#website"},"datePublished":"2023-04-14T10:49:31+00:00","dateModified":"2023-04-24T14:49:46+00:00","description":"\u201eMin\u0151s\u00e9get kedvez\u0151 \u00e1ron!\u201d Ez c\u00e9g\u00fcnk mott\u00f3ja. Nagy figyelmet ford\u00edtunk g\u00e9pparkunk folyamatos moderniz\u00e1ci\u00f3j\u00e1ra.","breadcrumb":{"@id":"https:\/\/www.salaplast.hu\/minosegpolitika\/#breadcrumb"},"inLanguage":"en-GB","potentialAction":[{"@type":"ReadAction","target":["https:\/\/www.salaplast.hu\/minosegpolitika\/"]}]},{"@type":"BreadcrumbList","@id":"https:\/\/www.salaplast.hu\/minosegpolitika\/#breadcrumb","itemListElement":[{"@type":"ListItem","position":1,"name":"Kezd\u0151lap","item":"https:\/\/www.salaplast.hu\/"},{"@type":"ListItem","position":2,"name":"Min\u0151s\u00e9gpolitika"}]},{"@type":"WebSite","@id":"https:\/\/www.salaplast.hu\/#website","url":"https:\/\/www.salaplast.hu\/","name":"Salaplast Kft.","description":"M\u0171anyag fr\u00f6ccs\u00f6nt\u00e9s","publisher":{"@id":"https:\/\/www.salaplast.hu\/#organization"},"potentialAction":[{"@type":"SearchAction","target":{"@type":"EntryPoint","urlTemplate":"https:\/\/www.salaplast.hu\/?s={search_term_string}"},"query-input":{"@type":"PropertyValueSpecification","valueRequired":true,"valueName":"search_term_string"}}],"inLanguage":"en-GB"},{"@type":"Organization","@id":"https:\/\/www.salaplast.hu\/#organization","name":"Salaplast Kft.","url":"https:\/\/www.salaplast.hu\/","logo":{"@type":"ImageObject","inLanguage":"en-GB","@id":"https:\/\/www.salaplast.hu\/#\/schema\/logo\/image\/","url":"https:\/\/www.salaplast.hu\/wp-content\/uploads\/2023\/05\/logo.png","contentUrl":"https:\/\/www.salaplast.hu\/wp-content\/uploads\/2023\/05\/logo.png","width":120,"height":120,"caption":"Salaplast Kft."},"image":{"@id":"https:\/\/www.salaplast.hu\/#\/schema\/logo\/image\/"},"sameAs":["https:\/\/www.facebook.com\/salaplast.hu"]}]}},"_links":{"self":[{"href":"https:\/\/www.salaplast.hu\/en\/wp-json\/wp\/v2\/pages\/34","targetHints":{"allow":["GET"]}}],"collection":[{"href":"https:\/\/www.salaplast.hu\/en\/wp-json\/wp\/v2\/pages"}],"about":[{"href":"https:\/\/www.salaplast.hu\/en\/wp-json\/wp\/v2\/types\/page"}],"author":[{"embeddable":true,"href":"https:\/\/www.salaplast.hu\/en\/wp-json\/wp\/v2\/users\/1"}],"replies":[{"embeddable":true,"href":"https:\/\/www.salaplast.hu\/en\/wp-json\/wp\/v2\/comments?post=34"}],"version-history":[{"count":5,"href":"https:\/\/www.salaplast.hu\/en\/wp-json\/wp\/v2\/pages\/34\/revisions"}],"predecessor-version":[{"id":580,"href":"https:\/\/www.salaplast.hu\/en\/wp-json\/wp\/v2\/pages\/34\/revisions\/580"}],"wp:attachment":[{"href":"https:\/\/www.salaplast.hu\/en\/wp-json\/wp\/v2\/media?parent=34"}],"curies":[{"name":"wp","href":"https:\/\/api.w.org\/{rel}","templated":true}]}}