{"id":312,"date":"2023-04-19T13:48:35","date_gmt":"2023-04-19T13:48:35","guid":{"rendered":"https:\/\/www.salaplast.hu\/?page_id=312"},"modified":"2023-04-24T14:15:15","modified_gmt":"2023-04-24T14:15:15","slug":"felhasznalt-polimerek","status":"publish","type":"page","link":"https:\/\/www.salaplast.hu\/en\/felhasznalt-polimerek\/","title":{"rendered":"Polymers in production"},"content":{"rendered":"<p>[et_pb_section fb_built=&#8221;1&#8243; _builder_version=&#8221;4.20.4&#8243; _module_preset=&#8221;default&#8221; global_colors_info=&#8221;{}&#8221;][et_pb_row _builder_version=&#8221;4.20.4&#8243; _module_preset=&#8221;default&#8221; global_colors_info=&#8221;{}&#8221;][et_pb_column type=&#8221;4_4&#8243; _builder_version=&#8221;4.20.4&#8243; _module_preset=&#8221;default&#8221; global_colors_info=&#8221;{}&#8221;][et_pb_text admin_label=&#8221;1&#8243; _builder_version=&#8221;4.20.4&#8243; header_2_font=&#8221;Poppins|700||on|||||&#8221; header_2_text_align=&#8221;center&#8221; header_2_text_color=&#8221;#f7b163&#8243; header_2_font_size=&#8221;40px&#8221; max_width=&#8221;550px&#8221; module_alignment=&#8221;center&#8221; custom_margin=&#8221;||0px|&#8221; hover_enabled=&#8221;0&#8243; global_colors_info=&#8221;{}&#8221; sticky_enabled=&#8221;0&#8243; locked=&#8221;off&#8221;]<\/p>\n<h2>Felhaszn\u00e1lt polimerek<\/h2>\n<p>[\/et_pb_text][et_pb_divider color=&#8221;#f7b163&#8243; divider_position=&#8221;center&#8221; divider_weight=&#8221;3px&#8221; _builder_version=&#8221;4.20.4&#8243; max_width=&#8221;50px&#8221; module_alignment=&#8221;center&#8221; custom_margin=&#8221;||20px|&#8221; animation_direction=&#8221;top&#8221; hover_enabled=&#8221;0&#8243; global_colors_info=&#8221;{}&#8221; sticky_enabled=&#8221;0&#8243;][\/et_pb_divider][\/et_pb_column][\/et_pb_row][et_pb_row _builder_version=&#8221;4.20.4&#8243; _module_preset=&#8221;default&#8221;][et_pb_column _builder_version=&#8221;4.20.4&#8243; _module_preset=&#8221;default&#8221; type=&#8221;4_4&#8243;][et_pb_text _builder_version=&#8221;4.20.4&#8243; _module_preset=&#8221;default&#8221; header_4_line_height=&#8221;1.5em&#8221; hover_enabled=&#8221;0&#8243; sticky_enabled=&#8221;0&#8243;]<\/p>\n<h4><strong>Magas szint\u0171 tapasztalattal rendelkez\u00fcnk a t\u00f6megm\u0171anyagok (PE, PP, PS, ABS) \u00e9s a m\u0171szaki m\u0171anyagok (PA, PET, PC, PBT) feldolgoz\u00e1s\u00e1ban egyar\u00e1nt. <\/strong><\/h4>\n<h4><strong>Gy\u00e1rtott term\u00e9keink az ipar legk\u00fcl\u00f6nb\u00f6z\u0151bb ter\u00fcletein ker\u00fclnek felhaszn\u00e1l\u00e1sra.<\/strong><\/h4>\n<p>[\/et_pb_text][\/et_pb_column][\/et_pb_row][\/et_pb_section][et_pb_section fb_built=&#8221;1&#8243; admin_label=&#8221;Reach Us Section&#8221; _builder_version=&#8221;4.16&#8243; custom_padding=&#8221;0||77px||false|false&#8221; locked=&#8221;off&#8221; global_colors_info=&#8221;{}&#8221;][et_pb_row admin_label=&#8221;Reach Us Area&#8221; _builder_version=&#8221;4.16&#8243; custom_padding=&#8221;||9px|||&#8221; global_colors_info=&#8221;{}&#8221;][et_pb_column type=&#8221;4_4&#8243; _builder_version=&#8221;4.16&#8243; custom_padding=&#8221;|||&#8221; global_colors_info=&#8221;{}&#8221; custom_padding__hover=&#8221;|||&#8221;][et_pb_text admin_label=&#8221;1&#8243; _builder_version=&#8221;4.20.4&#8243; header_2_font=&#8221;Poppins|700||on|||||&#8221; header_2_text_align=&#8221;center&#8221; header_2_text_color=&#8221;#f7b163&#8243; header_2_font_size=&#8221;40px&#8221; max_width=&#8221;550px&#8221; module_alignment=&#8221;center&#8221; custom_margin=&#8221;||0px|&#8221; hover_enabled=&#8221;0&#8243; global_colors_info=&#8221;{}&#8221; sticky_enabled=&#8221;0&#8243; locked=&#8221;off&#8221;]<\/p>\n<h2>PARTNEREINK<\/h2>\n<p>[\/et_pb_text][et_pb_divider color=&#8221;#f7b163&#8243; divider_position=&#8221;center&#8221; divider_weight=&#8221;3px&#8221; _builder_version=&#8221;4.20.4&#8243; max_width=&#8221;50px&#8221; module_alignment=&#8221;center&#8221; custom_margin=&#8221;||20px|&#8221; animation_direction=&#8221;top&#8221; hover_enabled=&#8221;0&#8243; global_colors_info=&#8221;{}&#8221; sticky_enabled=&#8221;0&#8243;][\/et_pb_divider][\/et_pb_column][\/et_pb_row][et_pb_row column_structure=&#8221;1_6,1_6,1_6,1_6,1_6,1_6&#8243; admin_label=&#8221;Reach Us Area&#8221; _builder_version=&#8221;4.20.4&#8243; custom_padding=&#8221;||9px|||&#8221; global_colors_info=&#8221;{}&#8221;][et_pb_column type=&#8221;1_6&#8243; _builder_version=&#8221;4.16&#8243; custom_padding=&#8221;|||&#8221; global_colors_info=&#8221;{}&#8221; custom_padding__hover=&#8221;|||&#8221;][et_pb_image src=&#8221;https:\/\/www.salaplast.hu\/wp-content\/uploads\/2023\/04\/szeplast_logo.jpg&#8221; alt=&#8221;szeplast_logo&#8221; title_text=&#8221;szeplast_logo&#8221; _builder_version=&#8221;4.20.4&#8243; _module_preset=&#8221;default&#8221; global_colors_info=&#8221;{}&#8221;][\/et_pb_image][\/et_pb_column][et_pb_column type=&#8221;1_6&#8243; _builder_version=&#8221;4.16&#8243; custom_padding=&#8221;|||&#8221; global_colors_info=&#8221;{}&#8221; custom_padding__hover=&#8221;|||&#8221;][et_pb_image src=&#8221;https:\/\/www.salaplast.hu\/wp-content\/uploads\/2023\/04\/sulihost_logo.jpg&#8221; alt=&#8221;Alukonstrukt_logo&#8221; title_text=&#8221;sulihost_logo&#8221; _builder_version=&#8221;4.20.4&#8243; _module_preset=&#8221;default&#8221; global_colors_info=&#8221;{}&#8221;][\/et_pb_image][\/et_pb_column][et_pb_column type=&#8221;1_6&#8243; _builder_version=&#8221;4.16&#8243; custom_padding=&#8221;|||&#8221; global_colors_info=&#8221;{}&#8221; custom_padding__hover=&#8221;|||&#8221;][et_pb_image src=&#8221;https:\/\/www.salaplast.hu\/wp-content\/uploads\/2023\/04\/mav_logo.jpg&#8221; alt=&#8221;mav_logo&#8221; title_text=&#8221;mav_logo&#8221; _builder_version=&#8221;4.20.4&#8243; _module_preset=&#8221;default&#8221; global_colors_info=&#8221;{}&#8221;][\/et_pb_image][\/et_pb_column][et_pb_column type=&#8221;1_6&#8243; _builder_version=&#8221;4.16&#8243; custom_padding=&#8221;|||&#8221; global_colors_info=&#8221;{}&#8221; custom_padding__hover=&#8221;|||&#8221;][et_pb_image src=&#8221;https:\/\/www.salaplast.hu\/wp-content\/uploads\/2023\/04\/SZKT.jpg&#8221; alt=&#8221;szkt_logo&#8221; title_text=&#8221;szkt_logo&#8221; _builder_version=&#8221;4.20.4&#8243; _module_preset=&#8221;default&#8221; global_colors_info=&#8221;{}&#8221;][\/et_pb_image][\/et_pb_column][et_pb_column type=&#8221;1_6&#8243; _builder_version=&#8221;4.16&#8243; custom_padding=&#8221;|||&#8221; global_colors_info=&#8221;{}&#8221; custom_padding__hover=&#8221;|||&#8221;][et_pb_image src=&#8221;https:\/\/www.salaplast.hu\/wp-content\/uploads\/2023\/04\/continental_logo.png&#8221; alt=&#8221;continental_logo&#8221; title_text=&#8221;continental_logo&#8221; _builder_version=&#8221;4.20.4&#8243; _module_preset=&#8221;default&#8221; global_colors_info=&#8221;{}&#8221;][\/et_pb_image][\/et_pb_column][et_pb_column type=&#8221;1_6&#8243; _builder_version=&#8221;4.20.4&#8243; _module_preset=&#8221;default&#8221; global_colors_info=&#8221;{}&#8221;][et_pb_image src=&#8221;https:\/\/www.salaplast.hu\/wp-content\/uploads\/2023\/04\/pick_logo.jpg&#8221; alt=&#8221;pick_logo&#8221; title_text=&#8221;pick_logo&#8221; _builder_version=&#8221;4.20.4&#8243; _module_preset=&#8221;default&#8221; global_colors_info=&#8221;{}&#8221;][\/et_pb_image][\/et_pb_column][\/et_pb_row][et_pb_row column_structure=&#8221;1_6,1_6,1_6,1_6,1_6,1_6&#8243; admin_label=&#8221;Reach Us Area&#8221; _builder_version=&#8221;4.20.4&#8243; custom_padding=&#8221;||9px|||&#8221; global_colors_info=&#8221;{}&#8221;][et_pb_column type=&#8221;1_6&#8243; _builder_version=&#8221;4.16&#8243; custom_padding=&#8221;|||&#8221; global_colors_info=&#8221;{}&#8221; custom_padding__hover=&#8221;|||&#8221;][et_pb_image src=&#8221;https:\/\/www.salaplast.hu\/wp-content\/uploads\/2023\/04\/huber_logo.jpg&#8221; alt=&#8221;huber_logo&#8221; title_text=&#8221;huber_logo&#8221; _builder_version=&#8221;4.20.4&#8243; _module_preset=&#8221;default&#8221; global_colors_info=&#8221;{}&#8221;][\/et_pb_image][\/et_pb_column][et_pb_column type=&#8221;1_6&#8243; _builder_version=&#8221;4.16&#8243; custom_padding=&#8221;|||&#8221; global_colors_info=&#8221;{}&#8221; custom_padding__hover=&#8221;|||&#8221;][et_pb_image src=&#8221;https:\/\/www.salaplast.hu\/wp-content\/uploads\/2023\/04\/szte_logo.jpg&#8221; alt=&#8221;szte_logo&#8221; title_text=&#8221;szte_logo&#8221; _builder_version=&#8221;4.20.4&#8243; _module_preset=&#8221;default&#8221; global_colors_info=&#8221;{}&#8221;][\/et_pb_image][\/et_pb_column][et_pb_column type=&#8221;1_6&#8243; _builder_version=&#8221;4.16&#8243; custom_padding=&#8221;|||&#8221; global_colors_info=&#8221;{}&#8221; custom_padding__hover=&#8221;|||&#8221;][et_pb_image src=&#8221;https:\/\/www.salaplast.hu\/wp-content\/uploads\/2023\/04\/gelka_logo.png&#8221; alt=&#8221;gelka_logo&#8221; title_text=&#8221;gelka_logo&#8221; _builder_version=&#8221;4.20.4&#8243; _module_preset=&#8221;default&#8221; global_colors_info=&#8221;{}&#8221;][\/et_pb_image][\/et_pb_column][et_pb_column type=&#8221;1_6&#8243; _builder_version=&#8221;4.16&#8243; custom_padding=&#8221;|||&#8221; global_colors_info=&#8221;{}&#8221; custom_padding__hover=&#8221;|||&#8221;][et_pb_image src=&#8221;https:\/\/www.salaplast.hu\/wp-content\/uploads\/2023\/04\/labtech_logo.png&#8221; alt=&#8221;labtech_logo&#8221; title_text=&#8221;labtech_logo&#8221; _builder_version=&#8221;4.20.4&#8243; _module_preset=&#8221;default&#8221; global_colors_info=&#8221;{}&#8221;][\/et_pb_image][\/et_pb_column][et_pb_column type=&#8221;1_6&#8243; _builder_version=&#8221;4.16&#8243; custom_padding=&#8221;|||&#8221; global_colors_info=&#8221;{}&#8221; custom_padding__hover=&#8221;|||&#8221;][et_pb_image src=&#8221;https:\/\/www.salaplast.hu\/wp-content\/uploads\/2023\/04\/Delirest_logo.jpg&#8221; alt=&#8221;Delirest_logo&#8221; title_text=&#8221;Delirest_logo&#8221; _builder_version=&#8221;4.20.4&#8243; _module_preset=&#8221;default&#8221; global_colors_info=&#8221;{}&#8221;][\/et_pb_image][\/et_pb_column][et_pb_column type=&#8221;1_6&#8243; _builder_version=&#8221;4.20.4&#8243; _module_preset=&#8221;default&#8221; global_colors_info=&#8221;{}&#8221;][et_pb_image src=&#8221;https:\/\/www.salaplast.hu\/wp-content\/uploads\/2023\/04\/villbek_logo.jpg&#8221; alt=&#8221;villbek_logo&#8221; title_text=&#8221;villbek_logo&#8221; _builder_version=&#8221;4.20.4&#8243; _module_preset=&#8221;default&#8221; global_colors_info=&#8221;{}&#8221;][\/et_pb_image][\/et_pb_column][\/et_pb_row][et_pb_row column_structure=&#8221;1_6,1_6,1_6,1_6,1_6,1_6&#8243; admin_label=&#8221;Reach Us Area&#8221; _builder_version=&#8221;4.20.4&#8243; custom_padding=&#8221;||9px|||&#8221; global_colors_info=&#8221;{}&#8221;][et_pb_column type=&#8221;1_6&#8243; _builder_version=&#8221;4.16&#8243; custom_padding=&#8221;|||&#8221; global_colors_info=&#8221;{}&#8221; custom_padding__hover=&#8221;|||&#8221;][et_pb_image src=&#8221;https:\/\/www.salaplast.hu\/wp-content\/uploads\/2023\/04\/kadasco_logo.jpg&#8221; alt=&#8221;k\u00e1das&#038;co_logo&#8221; title_text=&#8221;k\u00e1das&#038;co_logo&#8221; _builder_version=&#8221;4.20.4&#8243; _module_preset=&#8221;default&#8221; global_colors_info=&#8221;{}&#8221;][\/et_pb_image][\/et_pb_column][et_pb_column type=&#8221;1_6&#8243; _builder_version=&#8221;4.16&#8243; custom_padding=&#8221;|||&#8221; global_colors_info=&#8221;{}&#8221; custom_padding__hover=&#8221;|||&#8221;][et_pb_image src=&#8221;https:\/\/www.salaplast.hu\/wp-content\/uploads\/2023\/04\/A-plast_logo.png&#8221; alt=&#8221;A-plast_logo&#8221; title_text=&#8221;A-plast_logo&#8221; _builder_version=&#8221;4.20.4&#8243; _module_preset=&#8221;default&#8221; global_colors_info=&#8221;{}&#8221;][\/et_pb_image][\/et_pb_column][et_pb_column type=&#8221;1_6&#8243; _builder_version=&#8221;4.16&#8243; custom_padding=&#8221;|||&#8221; global_colors_info=&#8221;{}&#8221; custom_padding__hover=&#8221;|||&#8221;][et_pb_image src=&#8221;https:\/\/www.salaplast.hu\/wp-content\/uploads\/2023\/04\/pettbull_logo.png&#8221; alt=&#8221;pettbull_logo&#8221; title_text=&#8221;pettbull_logo&#8221; _builder_version=&#8221;4.20.4&#8243; _module_preset=&#8221;default&#8221; global_colors_info=&#8221;{}&#8221;][\/et_pb_image][\/et_pb_column][et_pb_column type=&#8221;1_6&#8243; _builder_version=&#8221;4.16&#8243; custom_padding=&#8221;|||&#8221; global_colors_info=&#8221;{}&#8221; custom_padding__hover=&#8221;|||&#8221;][et_pb_image src=&#8221;https:\/\/www.salaplast.hu\/wp-content\/uploads\/2023\/04\/Alukonstrukt_logo.jpg&#8221; alt=&#8221;Alukonstrukt_logo&#8221; title_text=&#8221;Alukonstrukt_logo&#8221; _builder_version=&#8221;4.20.4&#8243; _module_preset=&#8221;default&#8221; global_colors_info=&#8221;{}&#8221;][\/et_pb_image][\/et_pb_column][et_pb_column type=&#8221;1_6&#8243; _builder_version=&#8221;4.16&#8243; custom_padding=&#8221;|||&#8221; global_colors_info=&#8221;{}&#8221; custom_padding__hover=&#8221;|||&#8221;][et_pb_image src=&#8221;https:\/\/www.salaplast.hu\/wp-content\/uploads\/2023\/04\/profinails_logo.png&#8221; alt=&#8221;profinails_logo&#8221; title_text=&#8221;profinails_logo&#8221; _builder_version=&#8221;4.20.4&#8243; _module_preset=&#8221;default&#8221; global_colors_info=&#8221;{}&#8221;][\/et_pb_image][\/et_pb_column][et_pb_column type=&#8221;1_6&#8243; _builder_version=&#8221;4.20.4&#8243; _module_preset=&#8221;default&#8221; global_colors_info=&#8221;{}&#8221;][et_pb_image src=&#8221;https:\/\/www.salaplast.hu\/wp-content\/uploads\/2023\/04\/Rodent_logo.jpg&#8221; alt=&#8221;Rodent_logo&#8221; title_text=&#8221;Rodent_logo&#8221; _builder_version=&#8221;4.20.4&#8243; _module_preset=&#8221;default&#8221; global_colors_info=&#8221;{}&#8221;][\/et_pb_image][\/et_pb_column][\/et_pb_row][\/et_pb_section]<\/p>\n","protected":false},"excerpt":{"rendered":"<p>Felhaszn\u00e1lt polimerekMagas szint\u0171 tapasztalattal rendelkez\u00fcnk a t\u00f6megm\u0171anyagok (PE, PP, PS, ABS) \u00e9s a m\u0171szaki m\u0171anyagok (PA, PET, PC, PBT) feldolgoz\u00e1s\u00e1ban egyar\u00e1nt. Gy\u00e1rtott term\u00e9keink az ipar legk\u00fcl\u00f6nb\u00f6z\u0151bb ter\u00fcletein ker\u00fclnek felhaszn\u00e1l\u00e1sra.PARTNEREINK<\/p>","protected":false},"author":1,"featured_media":0,"parent":0,"menu_order":0,"comment_status":"closed","ping_status":"closed","template":"","meta":{"_et_pb_use_builder":"on","_et_pb_old_content":"","_et_gb_content_width":"","footnotes":""},"class_list":["post-312","page","type-page","status-publish","hentry"],"yoast_head":"<!-- This site is optimized with the Yoast SEO Premium plugin v27.4 (Yoast SEO v27.4) - https:\/\/yoast.com\/product\/yoast-seo-premium-wordpress\/ -->\n<title>Salaplast | Felhaszn\u00e1lt polimerek<\/title>\n<meta name=\"description\" content=\"Magas szint\u0171 tapasztalattal rendelkez\u00fcnk a t\u00f6megm\u0171anyagok \u00e9s a m\u0171szaki m\u0171anyagok feldolgoz\u00e1s\u00e1ban egyar\u00e1nt. Gy\u00e1rtott term\u00e9keink az ipar legk\u00fcl\u00f6nb\u00f6z\u0151bb ter\u00fcletein ker\u00fclnek felhaszn\u00e1l\u00e1sra.\" \/>\n<meta name=\"robots\" content=\"index, follow, max-snippet:-1, max-image-preview:large, max-video-preview:-1\" \/>\n<link rel=\"canonical\" href=\"https:\/\/www.salaplast.hu\/en\/felhasznalt-polimerek\/\" \/>\n<meta property=\"og:locale\" content=\"en_GB\" \/>\n<meta property=\"og:type\" content=\"article\" \/>\n<meta property=\"og:title\" content=\"Felhaszn\u00e1lt polimerek\" \/>\n<meta property=\"og:description\" content=\"Magas szint\u0171 tapasztalattal rendelkez\u00fcnk a t\u00f6megm\u0171anyagok \u00e9s a m\u0171szaki m\u0171anyagok feldolgoz\u00e1s\u00e1ban egyar\u00e1nt. Gy\u00e1rtott term\u00e9keink az ipar legk\u00fcl\u00f6nb\u00f6z\u0151bb ter\u00fcletein ker\u00fclnek felhaszn\u00e1l\u00e1sra.\" \/>\n<meta property=\"og:url\" content=\"https:\/\/www.salaplast.hu\/en\/felhasznalt-polimerek\/\" \/>\n<meta property=\"og:site_name\" content=\"Salaplast Kft.\" \/>\n<meta property=\"article:publisher\" content=\"https:\/\/www.facebook.com\/salaplast.hu\" \/>\n<meta property=\"article:modified_time\" content=\"2023-04-24T14:15:15+00:00\" \/>\n<meta name=\"twitter:card\" content=\"summary_large_image\" \/>\n<meta name=\"twitter:label1\" content=\"Estimated reading time\" \/>\n\t<meta name=\"twitter:data1\" content=\"1 minute\" \/>\n<script type=\"application\/ld+json\" class=\"yoast-schema-graph\">{\"@context\":\"https:\\\/\\\/schema.org\",\"@graph\":[{\"@type\":\"WebPage\",\"@id\":\"https:\\\/\\\/www.salaplast.hu\\\/felhasznalt-polimerek\\\/\",\"url\":\"https:\\\/\\\/www.salaplast.hu\\\/felhasznalt-polimerek\\\/\",\"name\":\"Salaplast | Felhaszn\u00e1lt polimerek\",\"isPartOf\":{\"@id\":\"https:\\\/\\\/www.salaplast.hu\\\/#website\"},\"datePublished\":\"2023-04-19T13:48:35+00:00\",\"dateModified\":\"2023-04-24T14:15:15+00:00\",\"description\":\"Magas szint\u0171 tapasztalattal rendelkez\u00fcnk a t\u00f6megm\u0171anyagok \u00e9s a m\u0171szaki m\u0171anyagok feldolgoz\u00e1s\u00e1ban egyar\u00e1nt. Gy\u00e1rtott term\u00e9keink az ipar legk\u00fcl\u00f6nb\u00f6z\u0151bb ter\u00fcletein ker\u00fclnek felhaszn\u00e1l\u00e1sra.\",\"breadcrumb\":{\"@id\":\"https:\\\/\\\/www.salaplast.hu\\\/felhasznalt-polimerek\\\/#breadcrumb\"},\"inLanguage\":\"en-GB\",\"potentialAction\":[{\"@type\":\"ReadAction\",\"target\":[\"https:\\\/\\\/www.salaplast.hu\\\/felhasznalt-polimerek\\\/\"]}]},{\"@type\":\"BreadcrumbList\",\"@id\":\"https:\\\/\\\/www.salaplast.hu\\\/felhasznalt-polimerek\\\/#breadcrumb\",\"itemListElement\":[{\"@type\":\"ListItem\",\"position\":1,\"name\":\"Kezd\u0151lap\",\"item\":\"https:\\\/\\\/www.salaplast.hu\\\/\"},{\"@type\":\"ListItem\",\"position\":2,\"name\":\"Felhaszn\u00e1lt polimerek\"}]},{\"@type\":\"WebSite\",\"@id\":\"https:\\\/\\\/www.salaplast.hu\\\/#website\",\"url\":\"https:\\\/\\\/www.salaplast.hu\\\/\",\"name\":\"Salaplast Kft.\",\"description\":\"M\u0171anyag fr\u00f6ccs\u00f6nt\u00e9s\",\"publisher\":{\"@id\":\"https:\\\/\\\/www.salaplast.hu\\\/#organization\"},\"potentialAction\":[{\"@type\":\"SearchAction\",\"target\":{\"@type\":\"EntryPoint\",\"urlTemplate\":\"https:\\\/\\\/www.salaplast.hu\\\/?s={search_term_string}\"},\"query-input\":{\"@type\":\"PropertyValueSpecification\",\"valueRequired\":true,\"valueName\":\"search_term_string\"}}],\"inLanguage\":\"en-GB\"},{\"@type\":\"Organization\",\"@id\":\"https:\\\/\\\/www.salaplast.hu\\\/#organization\",\"name\":\"Salaplast Kft.\",\"url\":\"https:\\\/\\\/www.salaplast.hu\\\/\",\"logo\":{\"@type\":\"ImageObject\",\"inLanguage\":\"en-GB\",\"@id\":\"https:\\\/\\\/www.salaplast.hu\\\/#\\\/schema\\\/logo\\\/image\\\/\",\"url\":\"https:\\\/\\\/www.salaplast.hu\\\/wp-content\\\/uploads\\\/2023\\\/05\\\/logo.png\",\"contentUrl\":\"https:\\\/\\\/www.salaplast.hu\\\/wp-content\\\/uploads\\\/2023\\\/05\\\/logo.png\",\"width\":120,\"height\":120,\"caption\":\"Salaplast Kft.\"},\"image\":{\"@id\":\"https:\\\/\\\/www.salaplast.hu\\\/#\\\/schema\\\/logo\\\/image\\\/\"},\"sameAs\":[\"https:\\\/\\\/www.facebook.com\\\/salaplast.hu\"]}]}<\/script>\n<!-- \/ Yoast SEO Premium plugin. -->","yoast_head_json":{"title":"Salaplast | Felhaszn\u00e1lt polimerek","description":"Magas szint\u0171 tapasztalattal rendelkez\u00fcnk a t\u00f6megm\u0171anyagok \u00e9s a m\u0171szaki m\u0171anyagok feldolgoz\u00e1s\u00e1ban egyar\u00e1nt. Gy\u00e1rtott term\u00e9keink az ipar legk\u00fcl\u00f6nb\u00f6z\u0151bb ter\u00fcletein ker\u00fclnek felhaszn\u00e1l\u00e1sra.","robots":{"index":"index","follow":"follow","max-snippet":"max-snippet:-1","max-image-preview":"max-image-preview:large","max-video-preview":"max-video-preview:-1"},"canonical":"https:\/\/www.salaplast.hu\/en\/felhasznalt-polimerek\/","og_locale":"en_GB","og_type":"article","og_title":"Felhaszn\u00e1lt polimerek","og_description":"Magas szint\u0171 tapasztalattal rendelkez\u00fcnk a t\u00f6megm\u0171anyagok \u00e9s a m\u0171szaki m\u0171anyagok feldolgoz\u00e1s\u00e1ban egyar\u00e1nt. Gy\u00e1rtott term\u00e9keink az ipar legk\u00fcl\u00f6nb\u00f6z\u0151bb ter\u00fcletein ker\u00fclnek felhaszn\u00e1l\u00e1sra.","og_url":"https:\/\/www.salaplast.hu\/en\/felhasznalt-polimerek\/","og_site_name":"Salaplast Kft.","article_publisher":"https:\/\/www.facebook.com\/salaplast.hu","article_modified_time":"2023-04-24T14:15:15+00:00","twitter_card":"summary_large_image","twitter_misc":{"Estimated reading time":"1 minute"},"schema":{"@context":"https:\/\/schema.org","@graph":[{"@type":"WebPage","@id":"https:\/\/www.salaplast.hu\/felhasznalt-polimerek\/","url":"https:\/\/www.salaplast.hu\/felhasznalt-polimerek\/","name":"Salaplast | Felhaszn\u00e1lt polimerek","isPartOf":{"@id":"https:\/\/www.salaplast.hu\/#website"},"datePublished":"2023-04-19T13:48:35+00:00","dateModified":"2023-04-24T14:15:15+00:00","description":"Magas szint\u0171 tapasztalattal rendelkez\u00fcnk a t\u00f6megm\u0171anyagok \u00e9s a m\u0171szaki m\u0171anyagok feldolgoz\u00e1s\u00e1ban egyar\u00e1nt. Gy\u00e1rtott term\u00e9keink az ipar legk\u00fcl\u00f6nb\u00f6z\u0151bb ter\u00fcletein ker\u00fclnek felhaszn\u00e1l\u00e1sra.","breadcrumb":{"@id":"https:\/\/www.salaplast.hu\/felhasznalt-polimerek\/#breadcrumb"},"inLanguage":"en-GB","potentialAction":[{"@type":"ReadAction","target":["https:\/\/www.salaplast.hu\/felhasznalt-polimerek\/"]}]},{"@type":"BreadcrumbList","@id":"https:\/\/www.salaplast.hu\/felhasznalt-polimerek\/#breadcrumb","itemListElement":[{"@type":"ListItem","position":1,"name":"Kezd\u0151lap","item":"https:\/\/www.salaplast.hu\/"},{"@type":"ListItem","position":2,"name":"Felhaszn\u00e1lt polimerek"}]},{"@type":"WebSite","@id":"https:\/\/www.salaplast.hu\/#website","url":"https:\/\/www.salaplast.hu\/","name":"Salaplast Kft.","description":"M\u0171anyag fr\u00f6ccs\u00f6nt\u00e9s","publisher":{"@id":"https:\/\/www.salaplast.hu\/#organization"},"potentialAction":[{"@type":"SearchAction","target":{"@type":"EntryPoint","urlTemplate":"https:\/\/www.salaplast.hu\/?s={search_term_string}"},"query-input":{"@type":"PropertyValueSpecification","valueRequired":true,"valueName":"search_term_string"}}],"inLanguage":"en-GB"},{"@type":"Organization","@id":"https:\/\/www.salaplast.hu\/#organization","name":"Salaplast Kft.","url":"https:\/\/www.salaplast.hu\/","logo":{"@type":"ImageObject","inLanguage":"en-GB","@id":"https:\/\/www.salaplast.hu\/#\/schema\/logo\/image\/","url":"https:\/\/www.salaplast.hu\/wp-content\/uploads\/2023\/05\/logo.png","contentUrl":"https:\/\/www.salaplast.hu\/wp-content\/uploads\/2023\/05\/logo.png","width":120,"height":120,"caption":"Salaplast Kft."},"image":{"@id":"https:\/\/www.salaplast.hu\/#\/schema\/logo\/image\/"},"sameAs":["https:\/\/www.facebook.com\/salaplast.hu"]}]}},"_links":{"self":[{"href":"https:\/\/www.salaplast.hu\/en\/wp-json\/wp\/v2\/pages\/312","targetHints":{"allow":["GET"]}}],"collection":[{"href":"https:\/\/www.salaplast.hu\/en\/wp-json\/wp\/v2\/pages"}],"about":[{"href":"https:\/\/www.salaplast.hu\/en\/wp-json\/wp\/v2\/types\/page"}],"author":[{"embeddable":true,"href":"https:\/\/www.salaplast.hu\/en\/wp-json\/wp\/v2\/users\/1"}],"replies":[{"embeddable":true,"href":"https:\/\/www.salaplast.hu\/en\/wp-json\/wp\/v2\/comments?post=312"}],"version-history":[{"count":5,"href":"https:\/\/www.salaplast.hu\/en\/wp-json\/wp\/v2\/pages\/312\/revisions"}],"predecessor-version":[{"id":573,"href":"https:\/\/www.salaplast.hu\/en\/wp-json\/wp\/v2\/pages\/312\/revisions\/573"}],"wp:attachment":[{"href":"https:\/\/www.salaplast.hu\/en\/wp-json\/wp\/v2\/media?parent=312"}],"curies":[{"name":"wp","href":"https:\/\/api.w.org\/{rel}","templated":true}]}}