{"id":303,"date":"2023-04-19T13:43:38","date_gmt":"2023-04-19T13:43:38","guid":{"rendered":"https:\/\/www.salaplast.hu\/?page_id=303"},"modified":"2023-06-08T13:08:25","modified_gmt":"2023-06-08T13:08:25","slug":"koncepciotol-a-megvalositasig","status":"publish","type":"page","link":"https:\/\/www.salaplast.hu\/en\/koncepciotol-a-megvalositasig\/","title":{"rendered":"From concept to reality"},"content":{"rendered":"<p>[et_pb_section fb_built=&#8221;1&#8243; _builder_version=&#8221;4.20.4&#8243; _module_preset=&#8221;default&#8221; global_colors_info=&#8221;{}&#8221;][et_pb_row admin_label=&#8221;Reach Us Area&#8221; _builder_version=&#8221;4.16&#8243; custom_padding=&#8221;||9px|||&#8221; locked=&#8221;off&#8221; global_colors_info=&#8221;{}&#8221;][et_pb_column type=&#8221;4_4&#8243; _builder_version=&#8221;4.16&#8243; custom_padding=&#8221;|||&#8221; global_colors_info=&#8221;{}&#8221; custom_padding__hover=&#8221;|||&#8221;][et_pb_text admin_label=&#8221;1&#8243; _builder_version=&#8221;4.20.4&#8243; header_2_font=&#8221;Poppins|700||on|||||&#8221; header_2_text_align=&#8221;center&#8221; header_2_text_color=&#8221;#f7b163&#8243; header_2_font_size=&#8221;40px&#8221; header_2_line_height=&#8221;1.2em&#8221; max_width=&#8221;550px&#8221; module_alignment=&#8221;center&#8221; custom_margin=&#8221;||0px|&#8221; global_colors_info=&#8221;{}&#8221;]<\/p>\n<h2>Koncepci\u00f3t\u00f3l a megval\u00f3s\u00edt\u00e1sig<\/h2>\n<p>[\/et_pb_text][et_pb_divider color=&#8221;#f7b163&#8243; divider_position=&#8221;center&#8221; divider_weight=&#8221;3px&#8221; _builder_version=&#8221;4.20.4&#8243; max_width=&#8221;50px&#8221; module_alignment=&#8221;center&#8221; custom_margin=&#8221;||20px|&#8221; animation_direction=&#8221;top&#8221; global_colors_info=&#8221;{}&#8221;][\/et_pb_divider][\/et_pb_column][\/et_pb_row][et_pb_row _builder_version=&#8221;4.20.4&#8243; _module_preset=&#8221;default&#8221; global_colors_info=&#8221;{}&#8221;][et_pb_column type=&#8221;4_4&#8243; _builder_version=&#8221;4.20.4&#8243; _module_preset=&#8221;default&#8221; global_colors_info=&#8221;{}&#8221;][et_pb_text _builder_version=&#8221;4.21.0&#8243; _module_preset=&#8221;default&#8221; text_font_size=&#8221;16px&#8221; hover_enabled=&#8221;0&#8243; global_colors_info=&#8221;{}&#8221; sticky_enabled=&#8221;0&#8243;]<\/p>\n<p><span><img loading=\"lazy\" decoding=\"async\" src=\"https:\/\/www.salaplast.hu\/wp-content\/uploads\/2023\/04\/salaplast-300x82.jpg\" width=\"300\" height=\"82\" alt=\"salaplast\" class=\"wp-image-289 alignnone size-medium\" style=\"display: block; margin-left: auto; margin-right: auto;\" \/><\/span><\/p>\n<p style=\"text-align: left;\"><strong>Visszat\u00e9r\u0151 \u00e9s \u00faj partnereinket ugyanolyan \u00f6r\u00f6mmel fogadjuk, f\u00fcggetlen\u00fcl a gy\u00e1rtand\u00f3 term\u00e9k tervez\u00e9s\u00e9nek aktu\u00e1lis f\u00e1zis\u00e1t\u00f3l. <\/strong><\/p>\n<p style=\"text-align: left;\"><strong>Sz\u00edvesen seg\u00edt\u00fcnk a term\u00e9k kifejleszt\u00e9s\u00e9ben, tekintettel annak funkcionalit\u00e1sbeli, gy\u00e1rthat\u00f3s\u00e1gi, valamint anyagv\u00e1laszt\u00e1si saj\u00e1toss\u00e1gaira. K\u00fcl\u00f6n\u00f6sen b\u00fcszk\u00e9k vagyunk azon term\u00e9kekre, amelyek l\u00e9trej\u00f6tt\u00e9ben a mi alkot\u00f3tev\u00e9kenys\u00e9g\u00fcnk is mindink\u00e1bb megnyilv\u00e1nult. <\/strong><\/p>\n<p style=\"text-align: left;\"><strong>Ugyanakkor, ha k\u00e9sz tervekkel \u00e9rkeznek hozz\u00e1nk, akkor is szenved\u00e9lyesen dolgozunk az\u00e9rt, hogy min\u00e9l gyorsabban, gazdas\u00e1gosabban \u00e9s nem utols\u00f3sorban magasabb min\u0151s\u00e9gben tudjuk a k\u00e9rt term\u00e9keket biztos\u00edtani. <\/strong><\/p>\n<p style=\"text-align: left;\"><strong>Tessz\u00fck ezt az\u00e9rt, mert tudjuk, hogy a piack\u00e9pes term\u00e9k k\u00f6z\u00f6s \u00e9rdek\u00fcnk. <\/strong><\/p>\n<blockquote>\n<p style=\"text-align: left;\"><span><strong>A m\u0171anyag fr\u00f6ccs\u00f6nt\u00e9s sz\u00e1munkra szenved\u00e9ly.<\/strong><\/span><\/p>\n<\/blockquote>\n<p>[\/et_pb_text][\/et_pb_column][\/et_pb_row][\/et_pb_section][et_pb_section fb_built=&#8221;1&#8243; admin_label=&#8221;Reach Us Section&#8221; _builder_version=&#8221;4.16&#8243; custom_padding=&#8221;0||77px||false|false&#8221; locked=&#8221;off&#8221; global_colors_info=&#8221;{}&#8221;][et_pb_row admin_label=&#8221;Reach Us Area&#8221; _builder_version=&#8221;4.16&#8243; custom_padding=&#8221;||9px|||&#8221; global_colors_info=&#8221;{}&#8221;][et_pb_column type=&#8221;4_4&#8243; _builder_version=&#8221;4.16&#8243; custom_padding=&#8221;|||&#8221; global_colors_info=&#8221;{}&#8221; custom_padding__hover=&#8221;|||&#8221;][et_pb_text admin_label=&#8221;1&#8243; _builder_version=&#8221;4.20.4&#8243; header_2_font=&#8221;Poppins|700||on|||||&#8221; header_2_text_align=&#8221;center&#8221; header_2_text_color=&#8221;#f7b163&#8243; header_2_font_size=&#8221;40px&#8221; max_width=&#8221;550px&#8221; module_alignment=&#8221;center&#8221; custom_margin=&#8221;||0px|&#8221; global_colors_info=&#8221;{}&#8221;]<\/p>\n<h2>PARTNEREINK<\/h2>\n<p>[\/et_pb_text][et_pb_divider color=&#8221;#f7b163&#8243; divider_position=&#8221;center&#8221; divider_weight=&#8221;3px&#8221; _builder_version=&#8221;4.20.4&#8243; max_width=&#8221;50px&#8221; module_alignment=&#8221;center&#8221; custom_margin=&#8221;||20px|&#8221; animation_direction=&#8221;top&#8221; global_colors_info=&#8221;{}&#8221;][\/et_pb_divider][\/et_pb_column][\/et_pb_row][et_pb_row column_structure=&#8221;1_6,1_6,1_6,1_6,1_6,1_6&#8243; admin_label=&#8221;Reach Us Area&#8221; _builder_version=&#8221;4.20.4&#8243; custom_padding=&#8221;||9px|||&#8221; global_colors_info=&#8221;{}&#8221;][et_pb_column type=&#8221;1_6&#8243; _builder_version=&#8221;4.16&#8243; custom_padding=&#8221;|||&#8221; global_colors_info=&#8221;{}&#8221; custom_padding__hover=&#8221;|||&#8221;][et_pb_image src=&#8221;https:\/\/www.salaplast.hu\/wp-content\/uploads\/2023\/04\/szeplast_logo.jpg&#8221; alt=&#8221;szeplast_logo&#8221; title_text=&#8221;szeplast_logo&#8221; _builder_version=&#8221;4.20.4&#8243; _module_preset=&#8221;default&#8221; global_colors_info=&#8221;{}&#8221;][\/et_pb_image][\/et_pb_column][et_pb_column type=&#8221;1_6&#8243; _builder_version=&#8221;4.16&#8243; custom_padding=&#8221;|||&#8221; global_colors_info=&#8221;{}&#8221; custom_padding__hover=&#8221;|||&#8221;][et_pb_image src=&#8221;https:\/\/www.salaplast.hu\/wp-content\/uploads\/2023\/04\/sulihost_logo.jpg&#8221; alt=&#8221;Alukonstrukt_logo&#8221; title_text=&#8221;sulihost_logo&#8221; _builder_version=&#8221;4.20.4&#8243; _module_preset=&#8221;default&#8221; global_colors_info=&#8221;{}&#8221;][\/et_pb_image][\/et_pb_column][et_pb_column type=&#8221;1_6&#8243; _builder_version=&#8221;4.16&#8243; custom_padding=&#8221;|||&#8221; global_colors_info=&#8221;{}&#8221; custom_padding__hover=&#8221;|||&#8221;][et_pb_image src=&#8221;https:\/\/www.salaplast.hu\/wp-content\/uploads\/2023\/04\/mav_logo.jpg&#8221; alt=&#8221;mav_logo&#8221; title_text=&#8221;mav_logo&#8221; _builder_version=&#8221;4.20.4&#8243; _module_preset=&#8221;default&#8221; global_colors_info=&#8221;{}&#8221;][\/et_pb_image][\/et_pb_column][et_pb_column type=&#8221;1_6&#8243; _builder_version=&#8221;4.16&#8243; custom_padding=&#8221;|||&#8221; global_colors_info=&#8221;{}&#8221; custom_padding__hover=&#8221;|||&#8221;][et_pb_image src=&#8221;https:\/\/www.salaplast.hu\/wp-content\/uploads\/2023\/04\/SZKT.jpg&#8221; alt=&#8221;szkt_logo&#8221; title_text=&#8221;szkt_logo&#8221; _builder_version=&#8221;4.20.4&#8243; _module_preset=&#8221;default&#8221; global_colors_info=&#8221;{}&#8221;][\/et_pb_image][\/et_pb_column][et_pb_column type=&#8221;1_6&#8243; _builder_version=&#8221;4.16&#8243; custom_padding=&#8221;|||&#8221; global_colors_info=&#8221;{}&#8221; custom_padding__hover=&#8221;|||&#8221;][et_pb_image src=&#8221;https:\/\/www.salaplast.hu\/wp-content\/uploads\/2023\/04\/continental_logo.png&#8221; alt=&#8221;continental_logo&#8221; title_text=&#8221;continental_logo&#8221; _builder_version=&#8221;4.20.4&#8243; _module_preset=&#8221;default&#8221; global_colors_info=&#8221;{}&#8221;][\/et_pb_image][\/et_pb_column][et_pb_column type=&#8221;1_6&#8243; _builder_version=&#8221;4.20.4&#8243; _module_preset=&#8221;default&#8221; global_colors_info=&#8221;{}&#8221;][et_pb_image src=&#8221;https:\/\/www.salaplast.hu\/wp-content\/uploads\/2023\/04\/pick_logo.jpg&#8221; alt=&#8221;pick_logo&#8221; title_text=&#8221;pick_logo&#8221; _builder_version=&#8221;4.20.4&#8243; _module_preset=&#8221;default&#8221; global_colors_info=&#8221;{}&#8221;][\/et_pb_image][\/et_pb_column][\/et_pb_row][et_pb_row column_structure=&#8221;1_6,1_6,1_6,1_6,1_6,1_6&#8243; admin_label=&#8221;Reach Us Area&#8221; _builder_version=&#8221;4.20.4&#8243; custom_padding=&#8221;||9px|||&#8221; global_colors_info=&#8221;{}&#8221;][et_pb_column type=&#8221;1_6&#8243; _builder_version=&#8221;4.16&#8243; custom_padding=&#8221;|||&#8221; global_colors_info=&#8221;{}&#8221; custom_padding__hover=&#8221;|||&#8221;][et_pb_image src=&#8221;https:\/\/www.salaplast.hu\/wp-content\/uploads\/2023\/04\/huber_logo.jpg&#8221; alt=&#8221;huber_logo&#8221; title_text=&#8221;huber_logo&#8221; _builder_version=&#8221;4.20.4&#8243; _module_preset=&#8221;default&#8221; global_colors_info=&#8221;{}&#8221;][\/et_pb_image][\/et_pb_column][et_pb_column type=&#8221;1_6&#8243; _builder_version=&#8221;4.16&#8243; custom_padding=&#8221;|||&#8221; global_colors_info=&#8221;{}&#8221; custom_padding__hover=&#8221;|||&#8221;][et_pb_image src=&#8221;https:\/\/www.salaplast.hu\/wp-content\/uploads\/2023\/04\/szte_logo.jpg&#8221; alt=&#8221;szte_logo&#8221; title_text=&#8221;szte_logo&#8221; _builder_version=&#8221;4.20.4&#8243; _module_preset=&#8221;default&#8221; global_colors_info=&#8221;{}&#8221;][\/et_pb_image][\/et_pb_column][et_pb_column type=&#8221;1_6&#8243; _builder_version=&#8221;4.16&#8243; custom_padding=&#8221;|||&#8221; global_colors_info=&#8221;{}&#8221; custom_padding__hover=&#8221;|||&#8221;][et_pb_image src=&#8221;https:\/\/www.salaplast.hu\/wp-content\/uploads\/2023\/04\/gelka_logo.png&#8221; alt=&#8221;gelka_logo&#8221; title_text=&#8221;gelka_logo&#8221; _builder_version=&#8221;4.20.4&#8243; _module_preset=&#8221;default&#8221; global_colors_info=&#8221;{}&#8221;][\/et_pb_image][\/et_pb_column][et_pb_column type=&#8221;1_6&#8243; _builder_version=&#8221;4.16&#8243; custom_padding=&#8221;|||&#8221; global_colors_info=&#8221;{}&#8221; custom_padding__hover=&#8221;|||&#8221;][et_pb_image src=&#8221;https:\/\/www.salaplast.hu\/wp-content\/uploads\/2023\/04\/labtech_logo.png&#8221; alt=&#8221;labtech_logo&#8221; title_text=&#8221;labtech_logo&#8221; _builder_version=&#8221;4.20.4&#8243; _module_preset=&#8221;default&#8221; global_colors_info=&#8221;{}&#8221;][\/et_pb_image][\/et_pb_column][et_pb_column type=&#8221;1_6&#8243; _builder_version=&#8221;4.16&#8243; custom_padding=&#8221;|||&#8221; global_colors_info=&#8221;{}&#8221; custom_padding__hover=&#8221;|||&#8221;][et_pb_image src=&#8221;https:\/\/www.salaplast.hu\/wp-content\/uploads\/2023\/04\/Delirest_logo.jpg&#8221; alt=&#8221;Delirest_logo&#8221; title_text=&#8221;Delirest_logo&#8221; _builder_version=&#8221;4.20.4&#8243; _module_preset=&#8221;default&#8221; global_colors_info=&#8221;{}&#8221;][\/et_pb_image][\/et_pb_column][et_pb_column type=&#8221;1_6&#8243; _builder_version=&#8221;4.20.4&#8243; _module_preset=&#8221;default&#8221; global_colors_info=&#8221;{}&#8221;][et_pb_image src=&#8221;https:\/\/www.salaplast.hu\/wp-content\/uploads\/2023\/04\/villbek_logo.jpg&#8221; alt=&#8221;villbek_logo&#8221; title_text=&#8221;villbek_logo&#8221; _builder_version=&#8221;4.20.4&#8243; _module_preset=&#8221;default&#8221; global_colors_info=&#8221;{}&#8221;][\/et_pb_image][\/et_pb_column][\/et_pb_row][et_pb_row column_structure=&#8221;1_6,1_6,1_6,1_6,1_6,1_6&#8243; admin_label=&#8221;Reach Us Area&#8221; _builder_version=&#8221;4.20.4&#8243; custom_padding=&#8221;||9px|||&#8221; global_colors_info=&#8221;{}&#8221;][et_pb_column type=&#8221;1_6&#8243; _builder_version=&#8221;4.16&#8243; custom_padding=&#8221;|||&#8221; global_colors_info=&#8221;{}&#8221; custom_padding__hover=&#8221;|||&#8221;][et_pb_image src=&#8221;https:\/\/www.salaplast.hu\/wp-content\/uploads\/2023\/04\/kadasco_logo.jpg&#8221; alt=&#8221;k\u00e1das&#038;co_logo&#8221; title_text=&#8221;k\u00e1das&#038;co_logo&#8221; _builder_version=&#8221;4.20.4&#8243; _module_preset=&#8221;default&#8221; global_colors_info=&#8221;{}&#8221;][\/et_pb_image][\/et_pb_column][et_pb_column type=&#8221;1_6&#8243; _builder_version=&#8221;4.16&#8243; custom_padding=&#8221;|||&#8221; global_colors_info=&#8221;{}&#8221; custom_padding__hover=&#8221;|||&#8221;][et_pb_image src=&#8221;https:\/\/www.salaplast.hu\/wp-content\/uploads\/2023\/04\/A-plast_logo.png&#8221; alt=&#8221;A-plast_logo&#8221; title_text=&#8221;A-plast_logo&#8221; _builder_version=&#8221;4.20.4&#8243; _module_preset=&#8221;default&#8221; global_colors_info=&#8221;{}&#8221;][\/et_pb_image][\/et_pb_column][et_pb_column type=&#8221;1_6&#8243; _builder_version=&#8221;4.16&#8243; custom_padding=&#8221;|||&#8221; global_colors_info=&#8221;{}&#8221; custom_padding__hover=&#8221;|||&#8221;][et_pb_image src=&#8221;https:\/\/www.salaplast.hu\/wp-content\/uploads\/2023\/04\/pettbull_logo.png&#8221; alt=&#8221;pettbull_logo&#8221; title_text=&#8221;pettbull_logo&#8221; _builder_version=&#8221;4.20.4&#8243; _module_preset=&#8221;default&#8221; global_colors_info=&#8221;{}&#8221;][\/et_pb_image][\/et_pb_column][et_pb_column type=&#8221;1_6&#8243; _builder_version=&#8221;4.16&#8243; custom_padding=&#8221;|||&#8221; global_colors_info=&#8221;{}&#8221; custom_padding__hover=&#8221;|||&#8221;][et_pb_image src=&#8221;https:\/\/www.salaplast.hu\/wp-content\/uploads\/2023\/04\/Alukonstrukt_logo.jpg&#8221; alt=&#8221;Alukonstrukt_logo&#8221; title_text=&#8221;Alukonstrukt_logo&#8221; _builder_version=&#8221;4.20.4&#8243; _module_preset=&#8221;default&#8221; global_colors_info=&#8221;{}&#8221;][\/et_pb_image][\/et_pb_column][et_pb_column type=&#8221;1_6&#8243; _builder_version=&#8221;4.16&#8243; custom_padding=&#8221;|||&#8221; global_colors_info=&#8221;{}&#8221; custom_padding__hover=&#8221;|||&#8221;][et_pb_image src=&#8221;https:\/\/www.salaplast.hu\/wp-content\/uploads\/2023\/04\/profinails_logo.png&#8221; alt=&#8221;profinails_logo&#8221; title_text=&#8221;profinails_logo&#8221; _builder_version=&#8221;4.20.4&#8243; _module_preset=&#8221;default&#8221; global_colors_info=&#8221;{}&#8221;][\/et_pb_image][\/et_pb_column][et_pb_column type=&#8221;1_6&#8243; _builder_version=&#8221;4.20.4&#8243; _module_preset=&#8221;default&#8221; global_colors_info=&#8221;{}&#8221;][et_pb_image src=&#8221;https:\/\/www.salaplast.hu\/wp-content\/uploads\/2023\/04\/Rodent_logo.jpg&#8221; alt=&#8221;Rodent_logo&#8221; title_text=&#8221;Rodent_logo&#8221; _builder_version=&#8221;4.20.4&#8243; _module_preset=&#8221;default&#8221; global_colors_info=&#8221;{}&#8221;][\/et_pb_image][\/et_pb_column][\/et_pb_row][\/et_pb_section]<\/p>\n","protected":false},"excerpt":{"rendered":"<p>Koncepci\u00f3t\u00f3l a megval\u00f3s\u00edt\u00e1sig Visszat\u00e9r\u0151 \u00e9s \u00faj partnereinket ugyanolyan \u00f6r\u00f6mmel fogadjuk, f\u00fcggetlen\u00fcl a gy\u00e1rtand\u00f3 term\u00e9k tervez\u00e9s\u00e9nek aktu\u00e1lis f\u00e1zis\u00e1t\u00f3l. Sz\u00edvesen seg\u00edt\u00fcnk a term\u00e9k kifejleszt\u00e9s\u00e9ben, tekintettel annak funkcionalit\u00e1sbeli, gy\u00e1rthat\u00f3s\u00e1gi, valamint anyagv\u00e1laszt\u00e1si saj\u00e1toss\u00e1gaira. K\u00fcl\u00f6n\u00f6sen b\u00fcszk\u00e9k vagyunk azon term\u00e9kekre, amelyek l\u00e9trej\u00f6tt\u00e9ben a mi alkot\u00f3tev\u00e9kenys\u00e9g\u00fcnk is mindink\u00e1bb megnyilv\u00e1nult. Ugyanakkor, ha k\u00e9sz tervekkel \u00e9rkeznek hozz\u00e1nk, akkor is szenved\u00e9lyesen dolgozunk az\u00e9rt, hogy min\u00e9l [&hellip;]<\/p>\n","protected":false},"author":1,"featured_media":0,"parent":0,"menu_order":0,"comment_status":"closed","ping_status":"closed","template":"","meta":{"_et_pb_use_builder":"on","_et_pb_old_content":"","_et_gb_content_width":"","footnotes":""},"class_list":["post-303","page","type-page","status-publish","hentry"],"yoast_head":"<!-- This site is optimized with the Yoast SEO Premium plugin v27.4 (Yoast SEO v27.4) - https:\/\/yoast.com\/product\/yoast-seo-premium-wordpress\/ -->\n<title>Salaplast | Koncepci\u00f3t\u00f3l a megval\u00f3s\u00edt\u00e1sig<\/title>\n<meta name=\"description\" content=\"Sz\u00edvesen seg\u00edt\u00fcnk a term\u00e9k kifejleszt\u00e9s\u00e9ben, tekintettel annak funkcionalit\u00e1sbeli, gy\u00e1rthat\u00f3s\u00e1gi, valamint anyagv\u00e1laszt\u00e1si saj\u00e1toss\u00e1gaira. K\u00fcl\u00f6n\u00f6sen b\u00fcszk\u00e9k vagyunk azon term\u00e9kekre, amelyek l\u00e9trej\u00f6tt\u00e9ben a mi alkot\u00f3tev\u00e9kenys\u00e9g\u00fcnk is mindink\u00e1bb megnyilv\u00e1nult.\" \/>\n<meta name=\"robots\" content=\"index, follow, max-snippet:-1, max-image-preview:large, max-video-preview:-1\" \/>\n<link rel=\"canonical\" href=\"https:\/\/www.salaplast.hu\/en\/koncepciotol-a-megvalositasig\/\" \/>\n<meta property=\"og:locale\" content=\"en_GB\" \/>\n<meta property=\"og:type\" content=\"article\" \/>\n<meta property=\"og:title\" content=\"Koncepci\u00f3t\u00f3l a megval\u00f3s\u00edt\u00e1sig\" \/>\n<meta property=\"og:description\" content=\"Sz\u00edvesen seg\u00edt\u00fcnk a term\u00e9k kifejleszt\u00e9s\u00e9ben, tekintettel annak funkcionalit\u00e1sbeli, gy\u00e1rthat\u00f3s\u00e1gi, valamint anyagv\u00e1laszt\u00e1si saj\u00e1toss\u00e1gaira. K\u00fcl\u00f6n\u00f6sen b\u00fcszk\u00e9k vagyunk azon term\u00e9kekre, amelyek l\u00e9trej\u00f6tt\u00e9ben a mi alkot\u00f3tev\u00e9kenys\u00e9g\u00fcnk is mindink\u00e1bb megnyilv\u00e1nult.\" \/>\n<meta property=\"og:url\" content=\"https:\/\/www.salaplast.hu\/en\/koncepciotol-a-megvalositasig\/\" \/>\n<meta property=\"og:site_name\" content=\"Salaplast Kft.\" \/>\n<meta property=\"article:publisher\" content=\"https:\/\/www.facebook.com\/salaplast.hu\" \/>\n<meta property=\"article:modified_time\" content=\"2023-06-08T13:08:25+00:00\" \/>\n<meta property=\"og:image\" content=\"https:\/\/www.salaplast.hu\/wp-content\/uploads\/2023\/04\/salaplast-300x82.jpg\" \/>\n<meta name=\"twitter:card\" content=\"summary_large_image\" \/>\n<meta name=\"twitter:label1\" content=\"Estimated reading time\" \/>\n\t<meta name=\"twitter:data1\" content=\"3 minutes\" \/>\n<script type=\"application\/ld+json\" class=\"yoast-schema-graph\">{\"@context\":\"https:\\\/\\\/schema.org\",\"@graph\":[{\"@type\":\"WebPage\",\"@id\":\"https:\\\/\\\/www.salaplast.hu\\\/koncepciotol-a-megvalositasig\\\/\",\"url\":\"https:\\\/\\\/www.salaplast.hu\\\/koncepciotol-a-megvalositasig\\\/\",\"name\":\"Salaplast | Koncepci\u00f3t\u00f3l a megval\u00f3s\u00edt\u00e1sig\",\"isPartOf\":{\"@id\":\"https:\\\/\\\/www.salaplast.hu\\\/#website\"},\"primaryImageOfPage\":{\"@id\":\"https:\\\/\\\/www.salaplast.hu\\\/koncepciotol-a-megvalositasig\\\/#primaryimage\"},\"image\":{\"@id\":\"https:\\\/\\\/www.salaplast.hu\\\/koncepciotol-a-megvalositasig\\\/#primaryimage\"},\"thumbnailUrl\":\"https:\\\/\\\/www.salaplast.hu\\\/wp-content\\\/uploads\\\/2023\\\/04\\\/salaplast-300x82.jpg\",\"datePublished\":\"2023-04-19T13:43:38+00:00\",\"dateModified\":\"2023-06-08T13:08:25+00:00\",\"description\":\"Sz\u00edvesen seg\u00edt\u00fcnk a term\u00e9k kifejleszt\u00e9s\u00e9ben, tekintettel annak funkcionalit\u00e1sbeli, gy\u00e1rthat\u00f3s\u00e1gi, valamint anyagv\u00e1laszt\u00e1si saj\u00e1toss\u00e1gaira. K\u00fcl\u00f6n\u00f6sen b\u00fcszk\u00e9k vagyunk azon term\u00e9kekre, amelyek l\u00e9trej\u00f6tt\u00e9ben a mi alkot\u00f3tev\u00e9kenys\u00e9g\u00fcnk is mindink\u00e1bb megnyilv\u00e1nult.\",\"breadcrumb\":{\"@id\":\"https:\\\/\\\/www.salaplast.hu\\\/koncepciotol-a-megvalositasig\\\/#breadcrumb\"},\"inLanguage\":\"en-GB\",\"potentialAction\":[{\"@type\":\"ReadAction\",\"target\":[\"https:\\\/\\\/www.salaplast.hu\\\/koncepciotol-a-megvalositasig\\\/\"]}]},{\"@type\":\"ImageObject\",\"inLanguage\":\"en-GB\",\"@id\":\"https:\\\/\\\/www.salaplast.hu\\\/koncepciotol-a-megvalositasig\\\/#primaryimage\",\"url\":\"https:\\\/\\\/www.salaplast.hu\\\/wp-content\\\/uploads\\\/2023\\\/04\\\/salaplast-300x82.jpg\",\"contentUrl\":\"https:\\\/\\\/www.salaplast.hu\\\/wp-content\\\/uploads\\\/2023\\\/04\\\/salaplast-300x82.jpg\"},{\"@type\":\"BreadcrumbList\",\"@id\":\"https:\\\/\\\/www.salaplast.hu\\\/koncepciotol-a-megvalositasig\\\/#breadcrumb\",\"itemListElement\":[{\"@type\":\"ListItem\",\"position\":1,\"name\":\"Kezd\u0151lap\",\"item\":\"https:\\\/\\\/www.salaplast.hu\\\/\"},{\"@type\":\"ListItem\",\"position\":2,\"name\":\"Koncepci\u00f3t\u00f3l a megval\u00f3s\u00edt\u00e1sig\"}]},{\"@type\":\"WebSite\",\"@id\":\"https:\\\/\\\/www.salaplast.hu\\\/#website\",\"url\":\"https:\\\/\\\/www.salaplast.hu\\\/\",\"name\":\"Salaplast Kft.\",\"description\":\"M\u0171anyag fr\u00f6ccs\u00f6nt\u00e9s\",\"publisher\":{\"@id\":\"https:\\\/\\\/www.salaplast.hu\\\/#organization\"},\"potentialAction\":[{\"@type\":\"SearchAction\",\"target\":{\"@type\":\"EntryPoint\",\"urlTemplate\":\"https:\\\/\\\/www.salaplast.hu\\\/?s={search_term_string}\"},\"query-input\":{\"@type\":\"PropertyValueSpecification\",\"valueRequired\":true,\"valueName\":\"search_term_string\"}}],\"inLanguage\":\"en-GB\"},{\"@type\":\"Organization\",\"@id\":\"https:\\\/\\\/www.salaplast.hu\\\/#organization\",\"name\":\"Salaplast Kft.\",\"url\":\"https:\\\/\\\/www.salaplast.hu\\\/\",\"logo\":{\"@type\":\"ImageObject\",\"inLanguage\":\"en-GB\",\"@id\":\"https:\\\/\\\/www.salaplast.hu\\\/#\\\/schema\\\/logo\\\/image\\\/\",\"url\":\"https:\\\/\\\/www.salaplast.hu\\\/wp-content\\\/uploads\\\/2023\\\/05\\\/logo.png\",\"contentUrl\":\"https:\\\/\\\/www.salaplast.hu\\\/wp-content\\\/uploads\\\/2023\\\/05\\\/logo.png\",\"width\":120,\"height\":120,\"caption\":\"Salaplast Kft.\"},\"image\":{\"@id\":\"https:\\\/\\\/www.salaplast.hu\\\/#\\\/schema\\\/logo\\\/image\\\/\"},\"sameAs\":[\"https:\\\/\\\/www.facebook.com\\\/salaplast.hu\"]}]}<\/script>\n<!-- \/ Yoast SEO Premium plugin. -->","yoast_head_json":{"title":"Salaplast | Koncepci\u00f3t\u00f3l a megval\u00f3s\u00edt\u00e1sig","description":"We are happy to assist in product development, considering its functional, manufacturability, and material selection characteristics. We are particularly proud of products in which our creativity is increasingly reflected.","robots":{"index":"index","follow":"follow","max-snippet":"max-snippet:-1","max-image-preview":"max-image-preview:large","max-video-preview":"max-video-preview:-1"},"canonical":"https:\/\/www.salaplast.hu\/en\/koncepciotol-a-megvalositasig\/","og_locale":"en_GB","og_type":"article","og_title":"Koncepci\u00f3t\u00f3l a megval\u00f3s\u00edt\u00e1sig","og_description":"Sz\u00edvesen seg\u00edt\u00fcnk a term\u00e9k kifejleszt\u00e9s\u00e9ben, tekintettel annak funkcionalit\u00e1sbeli, gy\u00e1rthat\u00f3s\u00e1gi, valamint anyagv\u00e1laszt\u00e1si saj\u00e1toss\u00e1gaira. K\u00fcl\u00f6n\u00f6sen b\u00fcszk\u00e9k vagyunk azon term\u00e9kekre, amelyek l\u00e9trej\u00f6tt\u00e9ben a mi alkot\u00f3tev\u00e9kenys\u00e9g\u00fcnk is mindink\u00e1bb megnyilv\u00e1nult.","og_url":"https:\/\/www.salaplast.hu\/en\/koncepciotol-a-megvalositasig\/","og_site_name":"Salaplast Kft.","article_publisher":"https:\/\/www.facebook.com\/salaplast.hu","article_modified_time":"2023-06-08T13:08:25+00:00","og_image":[{"url":"https:\/\/www.salaplast.hu\/wp-content\/uploads\/2023\/04\/salaplast-300x82.jpg","type":"","width":"","height":""}],"twitter_card":"summary_large_image","twitter_misc":{"Estimated reading time":"3 minutes"},"schema":{"@context":"https:\/\/schema.org","@graph":[{"@type":"WebPage","@id":"https:\/\/www.salaplast.hu\/koncepciotol-a-megvalositasig\/","url":"https:\/\/www.salaplast.hu\/koncepciotol-a-megvalositasig\/","name":"Salaplast | Koncepci\u00f3t\u00f3l a megval\u00f3s\u00edt\u00e1sig","isPartOf":{"@id":"https:\/\/www.salaplast.hu\/#website"},"primaryImageOfPage":{"@id":"https:\/\/www.salaplast.hu\/koncepciotol-a-megvalositasig\/#primaryimage"},"image":{"@id":"https:\/\/www.salaplast.hu\/koncepciotol-a-megvalositasig\/#primaryimage"},"thumbnailUrl":"https:\/\/www.salaplast.hu\/wp-content\/uploads\/2023\/04\/salaplast-300x82.jpg","datePublished":"2023-04-19T13:43:38+00:00","dateModified":"2023-06-08T13:08:25+00:00","description":"We are happy to assist in product development, considering its functional, manufacturability, and material selection characteristics. We are particularly proud of products in which our creativity is increasingly reflected.","breadcrumb":{"@id":"https:\/\/www.salaplast.hu\/koncepciotol-a-megvalositasig\/#breadcrumb"},"inLanguage":"en-GB","potentialAction":[{"@type":"ReadAction","target":["https:\/\/www.salaplast.hu\/koncepciotol-a-megvalositasig\/"]}]},{"@type":"ImageObject","inLanguage":"en-GB","@id":"https:\/\/www.salaplast.hu\/koncepciotol-a-megvalositasig\/#primaryimage","url":"https:\/\/www.salaplast.hu\/wp-content\/uploads\/2023\/04\/salaplast-300x82.jpg","contentUrl":"https:\/\/www.salaplast.hu\/wp-content\/uploads\/2023\/04\/salaplast-300x82.jpg"},{"@type":"BreadcrumbList","@id":"https:\/\/www.salaplast.hu\/koncepciotol-a-megvalositasig\/#breadcrumb","itemListElement":[{"@type":"ListItem","position":1,"name":"Kezd\u0151lap","item":"https:\/\/www.salaplast.hu\/"},{"@type":"ListItem","position":2,"name":"Koncepci\u00f3t\u00f3l a megval\u00f3s\u00edt\u00e1sig"}]},{"@type":"WebSite","@id":"https:\/\/www.salaplast.hu\/#website","url":"https:\/\/www.salaplast.hu\/","name":"Salaplast Kft.","description":"M\u0171anyag fr\u00f6ccs\u00f6nt\u00e9s","publisher":{"@id":"https:\/\/www.salaplast.hu\/#organization"},"potentialAction":[{"@type":"SearchAction","target":{"@type":"EntryPoint","urlTemplate":"https:\/\/www.salaplast.hu\/?s={search_term_string}"},"query-input":{"@type":"PropertyValueSpecification","valueRequired":true,"valueName":"search_term_string"}}],"inLanguage":"en-GB"},{"@type":"Organization","@id":"https:\/\/www.salaplast.hu\/#organization","name":"Salaplast Kft.","url":"https:\/\/www.salaplast.hu\/","logo":{"@type":"ImageObject","inLanguage":"en-GB","@id":"https:\/\/www.salaplast.hu\/#\/schema\/logo\/image\/","url":"https:\/\/www.salaplast.hu\/wp-content\/uploads\/2023\/05\/logo.png","contentUrl":"https:\/\/www.salaplast.hu\/wp-content\/uploads\/2023\/05\/logo.png","width":120,"height":120,"caption":"Salaplast Kft."},"image":{"@id":"https:\/\/www.salaplast.hu\/#\/schema\/logo\/image\/"},"sameAs":["https:\/\/www.facebook.com\/salaplast.hu"]}]}},"_links":{"self":[{"href":"https:\/\/www.salaplast.hu\/en\/wp-json\/wp\/v2\/pages\/303","targetHints":{"allow":["GET"]}}],"collection":[{"href":"https:\/\/www.salaplast.hu\/en\/wp-json\/wp\/v2\/pages"}],"about":[{"href":"https:\/\/www.salaplast.hu\/en\/wp-json\/wp\/v2\/types\/page"}],"author":[{"embeddable":true,"href":"https:\/\/www.salaplast.hu\/en\/wp-json\/wp\/v2\/users\/1"}],"replies":[{"embeddable":true,"href":"https:\/\/www.salaplast.hu\/en\/wp-json\/wp\/v2\/comments?post=303"}],"version-history":[{"count":5,"href":"https:\/\/www.salaplast.hu\/en\/wp-json\/wp\/v2\/pages\/303\/revisions"}],"predecessor-version":[{"id":675,"href":"https:\/\/www.salaplast.hu\/en\/wp-json\/wp\/v2\/pages\/303\/revisions\/675"}],"wp:attachment":[{"href":"https:\/\/www.salaplast.hu\/en\/wp-json\/wp\/v2\/media?parent=303"}],"curies":[{"name":"wp","href":"https:\/\/api.w.org\/{rel}","templated":true}]}}