{"id":185,"date":"2019-03-23T13:44:46","date_gmt":"2019-03-23T13:44:46","guid":{"rendered":"https:\/\/demo.hellowp.io\/19\/?page_id=25"},"modified":"2023-04-19T16:31:28","modified_gmt":"2023-04-19T16:31:28","slug":"impresszum","status":"publish","type":"page","link":"https:\/\/www.salaplast.hu\/en\/impresszum\/","title":{"rendered":"Imprint"},"content":{"rendered":"<p><strong>Company Name:<\/strong> Salaplast Kft. (Salaplast M\u0171anyagipari Korl\u00e1tolt Felel\u0151ss\u00e9g\u0171 T\u00e1rsas\u00e1g)<\/p>\n\n\n\n<p><strong>Registered Office:<\/strong> 6728 Szeged, Vass M\u00e1ty\u00e1s \u00fat 17. <\/p>\n\n\n\n<p><strong>Phone<\/strong> 36 30 123 4567<\/p>\n\n\n\n<p><strong>E-mail:<\/strong>&nbsp;<a href=\"mailto:info@salaplast.hu\" target=\"_blank\" rel=\"noreferrer noopener\">info@salaplast.hu<\/a><\/p>\n\n\n\n<p><strong>Web<\/strong>: <a href=\"https:\/\/www.salaplast.hu\/en\/\">salaplast.hu<\/a><\/p>\n\n\n\n<p><strong>The authority that registered the company:<\/strong> Csongr\u00e1d Megyei Korm\u00e1nyhivatal Kamara: Csongr\u00e1d Megyei Kereskedelmi \u00e9s Iparkamara (CSMKIK)<\/p>\n\n\n\n<p><strong>Company registration number:<\/strong> 06-09-025295<\/p>\n\n\n\n<p><strong>Tax number:<\/strong> 26747129-2-06<\/p>\n\n\n\n<p><strong>VAT Identification Number:<\/strong> HU26747129<\/p>\n\n\n\n<p><strong>Hosting provider: <\/strong>T\u00e1rhely.Eu Szolg\u00e1ltat\u00f3 Kft. (1538 Budapest, Pf.: 510.,&nbsp;<a href=\"mailto:support@tarhely.eu\">support@tarhely.eu<\/a>)<\/p>\n\n\n\n<p><\/p>","protected":false},"excerpt":{"rendered":"<p>C\u00e9gn\u00e9v: Salaplast Kft. (Salaplast M\u0171anyagipari Korl\u00e1tolt Felel\u0151ss\u00e9g\u0171 T\u00e1rsas\u00e1g) C\u00edm: 6728 Szeged, Vass M\u00e1ty\u00e1s \u00fat 17. Telefon: 36 30 123 4567 E-mail:&nbsp;info@salaplast.hu Internet: salaplast.hu A c\u00e9get bejegyz\u0151 hat\u00f3s\u00e1g: Csongr\u00e1d Megyei Korm\u00e1nyhivatal Kamara: Csongr\u00e1d Megyei Kereskedelmi \u00e9s Iparkamara (CSMKIK) C\u00e9gjegyz\u00e9ksz\u00e1m: 06-09-025295 Ad\u00f3sz\u00e1m: 26747129-2-06 K\u00f6z\u00f6ss\u00e9gi ad\u00f3sz\u00e1m: HU26747129 T\u00e1rhelyszolg\u00e1ltat\u00f3: T\u00e1rhely.Eu Szolg\u00e1ltat\u00f3 Kft. (1538 Budapest, Pf.: 510.,&nbsp;support@tarhely.eu)<\/p>","protected":false},"author":1,"featured_media":0,"parent":0,"menu_order":0,"comment_status":"closed","ping_status":"closed","template":"","meta":{"_et_pb_use_builder":"off","_et_pb_old_content":"<!-- wp:paragraph -->\n<p><strong>C\u00e9gn\u00e9v:<\/strong> Salaplast Kft. (Salaplast M\u0171anyagipari Korl\u00e1tolt Felel\u0151ss\u00e9g\u0171 T\u00e1rsas\u00e1g)<\/p>\n<!-- \/wp:paragraph -->\n\n<!-- wp:paragraph -->\n<p><strong>C\u00edm:<\/strong> 6728 Szeged, Vass M\u00e1ty\u00e1s \u00fat 17. <\/p>\n<!-- \/wp:paragraph -->\n\n<!-- wp:paragraph -->\n<p><strong>Telefon:<\/strong> 36 30 123 4567<\/p>\n<!-- \/wp:paragraph -->\n\n<!-- wp:paragraph -->\n<p><strong>E-mail:<\/strong>&nbsp;<a href=\"mailto:info@salaplast.hu\" target=\"_blank\" rel=\"noreferrer noopener\">info@salaplast.hu<\/a><\/p>\n<!-- \/wp:paragraph -->\n\n<!-- wp:paragraph -->\n<p><strong>Internet<\/strong>: <a href=\"https:\/\/www.salaplast.hu\/\">salaplast.hu<\/a><\/p>\n<!-- \/wp:paragraph -->\n\n<!-- wp:paragraph -->\n<p><strong>A c\u00e9get bejegyz\u0151 hat\u00f3s\u00e1g:<\/strong> Csongr\u00e1d Megyei Korm\u00e1nyhivatal Kamara: Csongr\u00e1d Megyei Kereskedelmi \u00e9s Iparkamara (CSMKIK)<\/p>\n<!-- \/wp:paragraph -->\n\n<!-- wp:paragraph -->\n<p><strong>C\u00e9gjegyz\u00e9ksz\u00e1m:<\/strong> 06-09-025295<\/p>\n<!-- \/wp:paragraph -->\n\n<!-- wp:paragraph -->\n<p><strong>Ad\u00f3sz\u00e1m:<\/strong> 26747129-2-06<\/p>\n<!-- \/wp:paragraph -->\n\n<!-- wp:paragraph -->\n<p><strong>K\u00f6z\u00f6ss\u00e9gi ad\u00f3sz\u00e1m:<\/strong> HU26747129<\/p>\n<!-- \/wp:paragraph -->\n\n<!-- wp:paragraph -->\n<p><strong>T\u00e1rhelyszolg\u00e1ltat\u00f3: <\/strong>T\u00e1rhely.Eu Szolg\u00e1ltat\u00f3 Kft. (1538 Budapest, Pf.: 510.,&nbsp;<a href=\"mailto:support@tarhely.eu\">support@tarhely.eu<\/a>)<\/p>\n<!-- \/wp:paragraph -->","_et_gb_content_width":"1080","footnotes":""},"class_list":["post-185","page","type-page","status-publish","hentry"],"yoast_head":"<!-- This site is optimized with the Yoast SEO Premium plugin v27.4 (Yoast SEO v27.4) - https:\/\/yoast.com\/product\/yoast-seo-premium-wordpress\/ -->\n<title>Salaplast | Impresszum<\/title>\n<meta name=\"description\" content=\"C\u00e9gn\u00e9v: Salaplast Kft. (Salaplast M\u0171anyagipari Korl\u00e1tolt Felel\u0151ss\u00e9g\u0171 T\u00e1rsas\u00e1g) C\u00edm: 6728 Szeged, Vass M\u00e1ty\u00e1s \u00fat 17. Telefon: 36 30 123 4567 E-mail:\u00a0info@salaplast.hu\" \/>\n<meta name=\"robots\" content=\"index, follow, max-snippet:-1, max-image-preview:large, max-video-preview:-1\" \/>\n<link rel=\"canonical\" href=\"https:\/\/www.salaplast.hu\/en\/impresszum\/\" \/>\n<meta property=\"og:locale\" content=\"en_GB\" \/>\n<meta property=\"og:type\" content=\"article\" \/>\n<meta property=\"og:title\" content=\"Impresszum\" \/>\n<meta property=\"og:description\" content=\"C\u00e9gn\u00e9v: Salaplast Kft. (Salaplast M\u0171anyagipari Korl\u00e1tolt Felel\u0151ss\u00e9g\u0171 T\u00e1rsas\u00e1g) C\u00edm: 6728 Szeged, Vass M\u00e1ty\u00e1s \u00fat 17. Telefon: 36 30 123 4567 E-mail:\u00a0info@salaplast.hu\" \/>\n<meta property=\"og:url\" content=\"https:\/\/www.salaplast.hu\/en\/impresszum\/\" \/>\n<meta property=\"og:site_name\" content=\"Salaplast Kft.\" \/>\n<meta property=\"article:publisher\" content=\"https:\/\/www.facebook.com\/salaplast.hu\" \/>\n<meta property=\"article:modified_time\" content=\"2023-04-19T16:31:28+00:00\" \/>\n<meta name=\"twitter:card\" content=\"summary_large_image\" \/>\n<meta name=\"twitter:label1\" content=\"Estimated reading time\" \/>\n\t<meta name=\"twitter:data1\" content=\"1 minute\" \/>\n<script type=\"application\/ld+json\" class=\"yoast-schema-graph\">{\"@context\":\"https:\\\/\\\/schema.org\",\"@graph\":[{\"@type\":\"WebPage\",\"@id\":\"https:\\\/\\\/www.salaplast.hu\\\/impresszum\\\/\",\"url\":\"https:\\\/\\\/www.salaplast.hu\\\/impresszum\\\/\",\"name\":\"Salaplast | Impresszum\",\"isPartOf\":{\"@id\":\"https:\\\/\\\/www.salaplast.hu\\\/#website\"},\"datePublished\":\"2019-03-23T13:44:46+00:00\",\"dateModified\":\"2023-04-19T16:31:28+00:00\",\"description\":\"C\u00e9gn\u00e9v: Salaplast Kft. (Salaplast M\u0171anyagipari Korl\u00e1tolt Felel\u0151ss\u00e9g\u0171 T\u00e1rsas\u00e1g) C\u00edm: 6728 Szeged, Vass M\u00e1ty\u00e1s \u00fat 17. Telefon: 36 30 123 4567 E-mail:\u00a0info@salaplast.hu\",\"breadcrumb\":{\"@id\":\"https:\\\/\\\/www.salaplast.hu\\\/impresszum\\\/#breadcrumb\"},\"inLanguage\":\"en-GB\",\"potentialAction\":[{\"@type\":\"ReadAction\",\"target\":[\"https:\\\/\\\/www.salaplast.hu\\\/impresszum\\\/\"]}]},{\"@type\":\"BreadcrumbList\",\"@id\":\"https:\\\/\\\/www.salaplast.hu\\\/impresszum\\\/#breadcrumb\",\"itemListElement\":[{\"@type\":\"ListItem\",\"position\":1,\"name\":\"Kezd\u0151lap\",\"item\":\"https:\\\/\\\/www.salaplast.hu\\\/\"},{\"@type\":\"ListItem\",\"position\":2,\"name\":\"Impresszum\"}]},{\"@type\":\"WebSite\",\"@id\":\"https:\\\/\\\/www.salaplast.hu\\\/#website\",\"url\":\"https:\\\/\\\/www.salaplast.hu\\\/\",\"name\":\"Salaplast Kft.\",\"description\":\"M\u0171anyag fr\u00f6ccs\u00f6nt\u00e9s\",\"publisher\":{\"@id\":\"https:\\\/\\\/www.salaplast.hu\\\/#organization\"},\"potentialAction\":[{\"@type\":\"SearchAction\",\"target\":{\"@type\":\"EntryPoint\",\"urlTemplate\":\"https:\\\/\\\/www.salaplast.hu\\\/?s={search_term_string}\"},\"query-input\":{\"@type\":\"PropertyValueSpecification\",\"valueRequired\":true,\"valueName\":\"search_term_string\"}}],\"inLanguage\":\"en-GB\"},{\"@type\":\"Organization\",\"@id\":\"https:\\\/\\\/www.salaplast.hu\\\/#organization\",\"name\":\"Salaplast Kft.\",\"url\":\"https:\\\/\\\/www.salaplast.hu\\\/\",\"logo\":{\"@type\":\"ImageObject\",\"inLanguage\":\"en-GB\",\"@id\":\"https:\\\/\\\/www.salaplast.hu\\\/#\\\/schema\\\/logo\\\/image\\\/\",\"url\":\"https:\\\/\\\/www.salaplast.hu\\\/wp-content\\\/uploads\\\/2023\\\/05\\\/logo.png\",\"contentUrl\":\"https:\\\/\\\/www.salaplast.hu\\\/wp-content\\\/uploads\\\/2023\\\/05\\\/logo.png\",\"width\":120,\"height\":120,\"caption\":\"Salaplast Kft.\"},\"image\":{\"@id\":\"https:\\\/\\\/www.salaplast.hu\\\/#\\\/schema\\\/logo\\\/image\\\/\"},\"sameAs\":[\"https:\\\/\\\/www.facebook.com\\\/salaplast.hu\"]}]}<\/script>\n<!-- \/ Yoast SEO Premium plugin. -->","yoast_head_json":{"title":"Salaplast | Impresszum","description":"C\u00e9gn\u00e9v: Salaplast Kft. (Salaplast M\u0171anyagipari Korl\u00e1tolt Felel\u0151ss\u00e9g\u0171 T\u00e1rsas\u00e1g) C\u00edm: 6728 Szeged, Vass M\u00e1ty\u00e1s \u00fat 17. Telefon: 36 30 123 4567 E-mail:\u00a0info@salaplast.hu","robots":{"index":"index","follow":"follow","max-snippet":"max-snippet:-1","max-image-preview":"max-image-preview:large","max-video-preview":"max-video-preview:-1"},"canonical":"https:\/\/www.salaplast.hu\/en\/impresszum\/","og_locale":"en_GB","og_type":"article","og_title":"Impresszum","og_description":"C\u00e9gn\u00e9v: Salaplast Kft. (Salaplast M\u0171anyagipari Korl\u00e1tolt Felel\u0151ss\u00e9g\u0171 T\u00e1rsas\u00e1g) C\u00edm: 6728 Szeged, Vass M\u00e1ty\u00e1s \u00fat 17. Telefon: 36 30 123 4567 E-mail:\u00a0info@salaplast.hu","og_url":"https:\/\/www.salaplast.hu\/en\/impresszum\/","og_site_name":"Salaplast Kft.","article_publisher":"https:\/\/www.facebook.com\/salaplast.hu","article_modified_time":"2023-04-19T16:31:28+00:00","twitter_card":"summary_large_image","twitter_misc":{"Estimated reading time":"1 minute"},"schema":{"@context":"https:\/\/schema.org","@graph":[{"@type":"WebPage","@id":"https:\/\/www.salaplast.hu\/impresszum\/","url":"https:\/\/www.salaplast.hu\/impresszum\/","name":"Salaplast | Impresszum","isPartOf":{"@id":"https:\/\/www.salaplast.hu\/#website"},"datePublished":"2019-03-23T13:44:46+00:00","dateModified":"2023-04-19T16:31:28+00:00","description":"C\u00e9gn\u00e9v: Salaplast Kft. (Salaplast M\u0171anyagipari Korl\u00e1tolt Felel\u0151ss\u00e9g\u0171 T\u00e1rsas\u00e1g) C\u00edm: 6728 Szeged, Vass M\u00e1ty\u00e1s \u00fat 17. Telefon: 36 30 123 4567 E-mail:\u00a0info@salaplast.hu","breadcrumb":{"@id":"https:\/\/www.salaplast.hu\/impresszum\/#breadcrumb"},"inLanguage":"en-GB","potentialAction":[{"@type":"ReadAction","target":["https:\/\/www.salaplast.hu\/impresszum\/"]}]},{"@type":"BreadcrumbList","@id":"https:\/\/www.salaplast.hu\/impresszum\/#breadcrumb","itemListElement":[{"@type":"ListItem","position":1,"name":"Kezd\u0151lap","item":"https:\/\/www.salaplast.hu\/"},{"@type":"ListItem","position":2,"name":"Impresszum"}]},{"@type":"WebSite","@id":"https:\/\/www.salaplast.hu\/#website","url":"https:\/\/www.salaplast.hu\/","name":"Salaplast Kft.","description":"M\u0171anyag fr\u00f6ccs\u00f6nt\u00e9s","publisher":{"@id":"https:\/\/www.salaplast.hu\/#organization"},"potentialAction":[{"@type":"SearchAction","target":{"@type":"EntryPoint","urlTemplate":"https:\/\/www.salaplast.hu\/?s={search_term_string}"},"query-input":{"@type":"PropertyValueSpecification","valueRequired":true,"valueName":"search_term_string"}}],"inLanguage":"en-GB"},{"@type":"Organization","@id":"https:\/\/www.salaplast.hu\/#organization","name":"Salaplast Kft.","url":"https:\/\/www.salaplast.hu\/","logo":{"@type":"ImageObject","inLanguage":"en-GB","@id":"https:\/\/www.salaplast.hu\/#\/schema\/logo\/image\/","url":"https:\/\/www.salaplast.hu\/wp-content\/uploads\/2023\/05\/logo.png","contentUrl":"https:\/\/www.salaplast.hu\/wp-content\/uploads\/2023\/05\/logo.png","width":120,"height":120,"caption":"Salaplast Kft."},"image":{"@id":"https:\/\/www.salaplast.hu\/#\/schema\/logo\/image\/"},"sameAs":["https:\/\/www.facebook.com\/salaplast.hu"]}]}},"_links":{"self":[{"href":"https:\/\/www.salaplast.hu\/en\/wp-json\/wp\/v2\/pages\/185","targetHints":{"allow":["GET"]}}],"collection":[{"href":"https:\/\/www.salaplast.hu\/en\/wp-json\/wp\/v2\/pages"}],"about":[{"href":"https:\/\/www.salaplast.hu\/en\/wp-json\/wp\/v2\/types\/page"}],"author":[{"embeddable":true,"href":"https:\/\/www.salaplast.hu\/en\/wp-json\/wp\/v2\/users\/1"}],"replies":[{"embeddable":true,"href":"https:\/\/www.salaplast.hu\/en\/wp-json\/wp\/v2\/comments?post=185"}],"version-history":[{"count":5,"href":"https:\/\/www.salaplast.hu\/en\/wp-json\/wp\/v2\/pages\/185\/revisions"}],"predecessor-version":[{"id":359,"href":"https:\/\/www.salaplast.hu\/en\/wp-json\/wp\/v2\/pages\/185\/revisions\/359"}],"wp:attachment":[{"href":"https:\/\/www.salaplast.hu\/en\/wp-json\/wp\/v2\/media?parent=185"}],"curies":[{"name":"wp","href":"https:\/\/api.w.org\/{rel}","templated":true}]}}